{"id":1051,"date":"2017-09-08T11:27:12","date_gmt":"2017-09-08T09:27:12","guid":{"rendered":"https:\/\/passauer-oberland.de\/?page_id=1051"},"modified":"2024-07-01T17:30:35","modified_gmt":"2024-07-01T15:30:35","slug":"windorf","status":"publish","type":"page","link":"https:\/\/passauer-oberland.de\/?page_id=1051","title":{"rendered":"Windorf"},"content":{"rendered":"<div class=\"wpb-content-wrapper\"><p>[vc_row][vc_column][vc_single_image image=&#8220;784&#8243; img_size=&#8220;full&#8220; alignment=&#8220;center&#8220; onclick=&#8220;link_image&#8220;][vc_custom_heading text=&#8220;Markt Windorf&#8220; font_container=&#8220;tag:h1|text_align:center|color:%23509e2c&#8220; use_theme_fonts=&#8220;yes&#8220; link=&#8220;url:http%3A%2F%2Fwww.markt-windorf-cms.de|title:Markt%20Windorf%20-%20zur%20Website|target:_blank&#8220;][vc_empty_space][\/vc_column][\/vc_row][vc_row][vc_column width=&#8220;1\/6&#8243;][\/vc_column][vc_column width=&#8220;2\/3&#8243;][vc_column_text]<strong>Markt Windorf <\/strong><\/p>\n<p>Gemeindegebiet: 56,91 km\u00b2<br \/>\nStreusiedlungsgemeinde mit 77 Ortsteilen<br \/>\nHauptorte: Windorf, Rathsmannsdorf, Otterskirchen<br \/>\nEinwohner: 5369<\/p>\n<p>&nbsp;<\/p>\n<p>Lage:<\/p>\n<p>Das Gebiet des Marktes erstreckt sich an und hoch \u00fcber der Donau. Der namensgebende Ort Windorf liegt vier Kilometer flussabw\u00e4rts von Vilshofen an der Donau und 20 Kilometer nordwestlich von Passau.<\/p>\n<p>&nbsp;<\/p>\n<p>Entwicklung:<\/p>\n<p>Windorf, als Winidorf erstmals im Jahre 1010 urkundlich erw\u00e4hnt, wurde Mitte des 13. Jahrhunderts zum Markt erhoben. Die wirtschaftliche Entwicklung des Raums war eng mit der Donau verbunden: bis 1950 als Zentrum des Schiffsbaus und sp\u00e4ter als gefragte Urlaubs- und Freizeitdestination. Die Fertigstellung der A 3 Ende der 1970er-Jahre er\u00f6ffnete neue M\u00f6glichkeiten. Windorf nutzte dieses Potenzial der Lage f\u00fcr eine qualitativ hochwertige Weiterentwicklung des Wirtschaftsstandortes und der Wohngemeinde. Der Donaumarkt war bis zur Gebietsreform 1972 Teil des Landkreises Vilshofen. Seit 1. Januar 1975 bilden Windorf, Rathsmannsdorf und Otterskirchen den Markt Windorf.<\/p>\n<p>&nbsp;<\/p>\n<p>Charakteristik:<\/p>\n<ul>\n<li>\u201eEinfahrtstor in den Bayerischen Wald\u201c<\/li>\n<li>Attraktive Wohngemeinde mit generations\u00fcbergreifender Infrastruktur<\/li>\n<li>Aufstrebender Wirtschaftsstandort<\/li>\n<li>Staatlich anerkannter Erholungsort<\/li>\n<\/ul>\n<p>&nbsp;<\/p>\n<p>Verkehrsanbindung:<\/p>\n<ul>\n<li>A 3, Ausfahrt Aicha vorm Wald<\/li>\n<\/ul>\n<p>&nbsp;<\/p>\n<p>Wirtschaft:<\/p>\n<ul>\n<li>2166 sozialversicherungspflichtige Arbeitspl\u00e4tze in Handwerk, Handel, Gewerbe und Dienstleistung<\/li>\n<\/ul>\n<p><strong>\u00a0<\/strong><\/p>\n<p>Bildung:<\/p>\n<ul>\n<li>Kindertagesst\u00e4tte St. Michael, Otterskirchen<\/li>\n<li>Kindertagesst\u00e4tte St. Ulrich, Rathsmannsdorf<\/li>\n<li>KiTa St. Jakobus d. \u00c4., Windorf<\/li>\n<li>Sport-Grundschule mit Standorten in Windorf und Otterskirchen<\/li>\n<\/ul>\n<p>&nbsp;<\/p>\n<p>Freizeit:<\/p>\n<p><strong>Natur:<\/strong> Flusslandschaft Donau mit Donauinseln, Aussichtsturm Ebersberg<\/p>\n<p><strong>Sport <\/strong>(u. a): Wandern, Radfahren (u. a. Donau-Radweg), Wassersport (Donau), Nordic Walking, Tennis, div. Sportvereine<\/p>\n<p><strong>Kultur: <\/strong><strong>St. Michael in Otterskirchen (Akanthusaltar), Frauenberger Kapelle in Windorf (Schopperkapelle)<\/strong><\/p>\n<h4><strong>Erlebnis: <\/strong>Kulturveranstaltungen in der Alten Kirche St. Ulrich, Rathsmannsdorf<\/h4>\n<p>[\/vc_column_text][\/vc_column][vc_column width=&#8220;1\/6&#8243;][\/vc_column][\/vc_row][vc_row][vc_column][vc_separator border_width=&#8220;2&#8243;][vc_icon icon_fontawesome=&#8220;fas fa-user-edit&#8220; color=&#8220;green&#8220; size=&#8220;lg&#8220; align=&#8220;center&#8220;][vc_column_text]<\/p>\n<h2 style=\"text-align: center;\"><strong>Kontaktadresse<\/strong><\/h2>\n<p>[\/vc_column_text][\/vc_column][\/vc_row][vc_row][vc_column width=&#8220;2\/6&#8243;][\/vc_column][vc_column width=&#8220;2\/6&#8243;][vc_column_text]<\/p>\n<p style=\"text-align: center;\">Markt Windorf<strong><br \/>\n<\/strong>Marktplatz 23<br \/>\n94575 Windorf<br \/>\nTel. 08541 9626-2<br \/>\nFax 08541 9626-96<br \/>\n<a href=\"http:\/\/www.markt-windorf.de\" target=\"_blank\" rel=\"noopener\">http:\/\/www.markt-windorf.de<\/a><\/p>\n<p>[\/vc_column_text][\/vc_column][vc_column width=&#8220;2\/6&#8243;][\/vc_column][\/vc_row]<\/p><\/div>","protected":false},"excerpt":{"rendered":"<p>[vc_row][vc_column][vc_single_image image=&#8220;784&#8243; img_size=&#8220;full&#8220; alignment=&#8220;center&#8220; onclick=&#8220;link_image&#8220;][vc_custom_heading text=&#8220;Markt Windorf&#8220; font_container=&#8220;tag:h1|text_align:center|color:%23509e2c&#8220; use_theme_fonts=&#8220;yes&#8220; link=&#8220;url:http%3A%2F%2Fwww.markt-windorf-cms.de|title:Markt%20Windorf%20-%20zur%20Website|target:_blank&#8220;][vc_empty_space][\/vc_column][\/vc_row][vc_row][vc_column width=&#8220;1\/6&#8243;][\/vc_column][vc_column width=&#8220;2\/3&#8243;][vc_column_text]Markt Windorf Gemeindegebiet: 56,91 km\u00b2 Streusiedlungsgemeinde mit 77 Ortsteilen Hauptorte: Windorf, Rathsmannsdorf, Otterskirchen Einwohner: 5369 &nbsp; Lage: Das Gebiet des Marktes erstreckt sich an und hoch \u00fcber der Donau. [&hellip;]<\/p>\n","protected":false},"author":2,"featured_media":1109,"parent":0,"menu_order":0,"comment_status":"closed","ping_status":"closed","template":"","meta":{"footnotes":""},"class_list":["post-1051","page","type-page","status-publish","has-post-thumbnail","hentry"],"_links":{"self":[{"href":"https:\/\/passauer-oberland.de\/index.php?rest_route=\/wp\/v2\/pages\/1051","targetHints":{"allow":["GET"]}}],"collection":[{"href":"https:\/\/passauer-oberland.de\/index.php?rest_route=\/wp\/v2\/pages"}],"about":[{"href":"https:\/\/passauer-oberland.de\/index.php?rest_route=\/wp\/v2\/types\/page"}],"author":[{"embeddable":true,"href":"https:\/\/passauer-oberland.de\/index.php?rest_route=\/wp\/v2\/users\/2"}],"replies":[{"embeddable":true,"href":"https:\/\/passauer-oberland.de\/index.php?rest_route=%2Fwp%2Fv2%2Fcomments&post=1051"}],"version-history":[{"count":6,"href":"https:\/\/passauer-oberland.de\/index.php?rest_route=\/wp\/v2\/pages\/1051\/revisions"}],"predecessor-version":[{"id":4271,"href":"https:\/\/passauer-oberland.de\/index.php?rest_route=\/wp\/v2\/pages\/1051\/revisions\/4271"}],"wp:featuredmedia":[{"embeddable":true,"href":"https:\/\/passauer-oberland.de\/index.php?rest_route=\/wp\/v2\/media\/1109"}],"wp:attachment":[{"href":"https:\/\/passauer-oberland.de\/index.php?rest_route=%2Fwp%2Fv2%2Fmedia&parent=1051"}],"curies":[{"name":"wp","href":"https:\/\/api.w.org\/{rel}","templated":true}]}}