{"id":114,"date":"2013-06-24T11:39:10","date_gmt":"2013-06-24T09:39:10","guid":{"rendered":"https:\/\/passauer-oberland.de\/_wp\/?page_id=114"},"modified":"2024-05-27T11:44:59","modified_gmt":"2024-05-27T09:44:59","slug":"ortsentwicklung","status":"publish","type":"page","link":"https:\/\/passauer-oberland.de\/?page_id=114","title":{"rendered":"Innen- &#038; Siedlungsentwicklung"},"content":{"rendered":"<div class=\"wpb-content-wrapper\"><p>[vc_row][vc_column][vc_single_image image=&#8220;687&#8243; img_size=&#8220;full&#8220; alignment=&#8220;center&#8220; onclick=&#8220;link_image&#8220;][\/vc_column][\/vc_row][vc_row][vc_column][vc_column_text]<\/p>\n<h1>Funktionsf\u00e4hige Ortszentren als Ankerpunkte<\/h1>\n<p>Wie viele l\u00e4ndlich gepr\u00e4gte Regionen in Deutschland und Bayern stehen auch die Gemeinden des Passauer Oberlandes vor der Herausforderung, die Attraktivit\u00e4t ihrer Ortszentren zu erhalten oder zu steigern. Immer h\u00e4ufiger sehen sich M\u00e4rkte und Gemeinden jedoch mit der Bedrohung konfrontiert, durch leer stehende Geb\u00e4ude im Ortskern an Lebendigkeit und Anziehungskraft zu verlieren.<\/p>\n<p><strong>Versorgung im Ortskern erhalten<br \/>\n<\/strong>Jeder Laden, der schlie\u00dft, und jede Wohnnutzung, die aufgegeben wird, bedeutet f\u00fcr den jeweiligen Ort dabei nicht nur den schleichenden Verlust seiner optischen Attraktivit\u00e4t, sondern eine Schw\u00e4chung seiner Rolle als Versorgungsst\u00fctzpunkt im l\u00e4ndlichen Raum. Funktionsf\u00e4hige Ortszentren, die alle wesentlichen Einrichtungen des t\u00e4glichen Bedarfs vorhalten, sind vor diesem Hintergrund Garanten der Versorgung des l\u00e4ndlichen Raums. Sie zu erhalten stellt die Kommunen vor gro\u00dfe Herausforderungen.<\/p>\n<p>Unter Ma\u00dfgabe dieser Herausforderungen f\u00fchrte die ILE Passauer Oberland in allen elf Gemeinden eine Analyse zur Innenentwicklung durch. Dabei wurden relevante Daten und Zusammenh\u00e4nge erfasst und ausgewertet. Die gewonnenen Ergebnisse dienen den Gemeinden als wertvolle Grundlage f\u00fcr k\u00fcnftige Entscheidungen. Das Amt f\u00fcr L\u00e4ndliche Entwicklung Niederbayern hat diese Basisanalyse zu 100 Prozent gef\u00f6rdert.<\/p>\n<p><strong>Beispiele bisheriger Ma\u00dfnahmen im Handlungsfeld:<\/strong><\/p>\n<ul>\n<li>Vitalit\u00e4tscheck 2.0 f\u00fcr ILE-Gemeinden, u.a. mit Analyse vorhandener Innenentwicklungspotenziale<\/li>\n<li>Einf\u00fchrung &amp; Pflege einer Fl\u00e4chenmanagementdatenbank in den Gemeinden<\/li>\n<li>Studentenprojekte mit dem Lehrstuhl f\u00fcr Bodenordnung und Landentwicklung der TU M\u00fcnchen mit konkreten Aufgabenstellungen aus den ILE-Gemeinden<\/li>\n<li>St\u00e4dtebauliche Entwicklungsprozesse, z.B. in Eging a.See und Salzweg mit Neu- und Umgestaltung der Ortsmitte, Dorferneuerungsprozess in B\u00fcchlberg mit Neugestaltung der Rathausumgebung<\/li>\n<li>Information &amp; Wissensvermittlung f\u00fcr Bauamtsleiter der Gemeinden, <u>z. B. Seminare zum Baurecht, regelm\u00e4\u00dfige Netzwerktreffen<\/u><\/li>\n<\/ul>\n<p>[\/vc_column_text][\/vc_column][\/vc_row]<\/p><\/div>","protected":false},"excerpt":{"rendered":"<p>[vc_row][vc_column][vc_single_image image=&#8220;687&#8243; img_size=&#8220;full&#8220; alignment=&#8220;center&#8220; onclick=&#8220;link_image&#8220;][\/vc_column][\/vc_row][vc_row][vc_column][vc_column_text] Funktionsf\u00e4hige Ortszentren als Ankerpunkte Wie viele l\u00e4ndlich gepr\u00e4gte Regionen in Deutschland und Bayern stehen auch die Gemeinden des Passauer Oberlandes vor der Herausforderung, die Attraktivit\u00e4t ihrer Ortszentren zu erhalten oder zu steigern. Immer h\u00e4ufiger sehen [&hellip;]<\/p>\n","protected":false},"author":11,"featured_media":443,"parent":0,"menu_order":0,"comment_status":"closed","ping_status":"closed","template":"page_r.php","meta":{"footnotes":""},"class_list":["post-114","page","type-page","status-publish","has-post-thumbnail","hentry"],"_links":{"self":[{"href":"https:\/\/passauer-oberland.de\/index.php?rest_route=\/wp\/v2\/pages\/114","targetHints":{"allow":["GET"]}}],"collection":[{"href":"https:\/\/passauer-oberland.de\/index.php?rest_route=\/wp\/v2\/pages"}],"about":[{"href":"https:\/\/passauer-oberland.de\/index.php?rest_route=\/wp\/v2\/types\/page"}],"author":[{"embeddable":true,"href":"https:\/\/passauer-oberland.de\/index.php?rest_route=\/wp\/v2\/users\/11"}],"replies":[{"embeddable":true,"href":"https:\/\/passauer-oberland.de\/index.php?rest_route=%2Fwp%2Fv2%2Fcomments&post=114"}],"version-history":[{"count":19,"href":"https:\/\/passauer-oberland.de\/index.php?rest_route=\/wp\/v2\/pages\/114\/revisions"}],"predecessor-version":[{"id":4186,"href":"https:\/\/passauer-oberland.de\/index.php?rest_route=\/wp\/v2\/pages\/114\/revisions\/4186"}],"wp:featuredmedia":[{"embeddable":true,"href":"https:\/\/passauer-oberland.de\/index.php?rest_route=\/wp\/v2\/media\/443"}],"wp:attachment":[{"href":"https:\/\/passauer-oberland.de\/index.php?rest_route=%2Fwp%2Fv2%2Fmedia&parent=114"}],"curies":[{"name":"wp","href":"https:\/\/api.w.org\/{rel}","templated":true}]}}