{"id":130,"date":"2013-06-28T12:28:16","date_gmt":"2013-06-28T10:28:16","guid":{"rendered":"https:\/\/passauer-oberland.de\/_wp\/?page_id=130"},"modified":"2024-04-09T15:15:36","modified_gmt":"2024-04-09T13:15:36","slug":"erklarung","status":"publish","type":"page","link":"https:\/\/passauer-oberland.de\/?page_id=130","title":{"rendered":"Definition ILE"},"content":{"rendered":"<div class=\"wpb-content-wrapper\"><p>[vc_row][vc_column width=&#8220;1\/4&#8243;][vc_single_image image=&#8220;3485&#8243; img_size=&#8220;medium&#8220; alignment=&#8220;center&#8220; onclick=&#8220;link_image&#8220;][\/vc_column][vc_column width=&#8220;3\/4&#8243;][vc_column_text]<\/p>\n<h1>ILE &#8211; Integrierte l\u00e4ndliche Entwicklung<\/h1>\n<p>&nbsp;<\/p>\n<h3>Hintergr\u00fcnde, Aufgaben, M\u00f6glichkeiten<\/h3>\n<p><strong>Warum integrierte l\u00e4ndliche Entwicklung?<\/strong><br \/>\nViele Regionen sind besonders stark vom demographischen Wandel betroffen: niedrige Geburtenraten, Abwanderung junger Arbeitskr\u00e4fte in die Ballungsr\u00e4ume, Anstieg der Lebenserwartung, Probleme bei der Sicherung der Daseinsvorsorge, mangelnde Anbindung an den \u00f6ffentlichen Personennah- und -fernverkehr, Schlie\u00dfung von Schulen, L\u00e4den und Arztpraxen. Vor diesem Hintergrund gilt es l\u00e4ndliche Regionen zu st\u00e4rken und Ansatzpunkte f\u00fcr ihre zukunftsf\u00e4hige Entwicklung zu finden.<\/p>\n<p>&nbsp;<\/p>\n<p><strong>Was ist eine ILE?<\/strong><br \/>\nNach dem Motto &#8222;Gemeinsam sind wir st\u00e4rker!&#8220; schlie\u00dfen sich immer mehr Gemeinden freiwillig in einer sogenannten ILE (Integrierte L\u00e4ndliche Entwicklung) zusammen, um das Potenzial ihrer Region gemeinsam besser zu nutzen, ihren Schw\u00e4chen gemeinsam zu trotzen und ihren Lebens-, Arbeits-, und Erholungsraum gemeinsam zu entwickeln. Ohne die Identit\u00e4t der einzelnen Gemeinden aufzugeben, erarbeitet die kommunale Allianz gemeinsame L\u00f6sungen zu aktuellen \u00f6konomischen, \u00f6kologischen oder sozialen Anforderungen. Vielfach werden dar\u00fcber hinaus Einsparm\u00f6glichkeiten und zukunftsweisende Synergiema\u00dfnahmen erschlossen. ILE ist ein Programm der \u00c4mter f\u00fcr L\u00e4ndliche Entwicklung zur F\u00f6rderung des l\u00e4ndlichen Raumes. Dies bedeutet, dass gemeinsame Projekte der ILE-Gemeinden von \u00f6ffentlicher Hand gef\u00f6rdert werden k\u00f6nnen.<\/p>\n<p>&nbsp;<\/p>\n<p><strong>Was ist das Ziel einer ILE und wie arbeitet sie?<\/strong><br \/>\nZiel des Programms ist die Sicherung gleichwertiger Lebensverh\u00e4ltnisse in allen Teilr\u00e4umen des Freistaates. Insbesondere sollen die Arbeits- und Lebensverh\u00e4ltnisse in den l\u00e4ndlichen R\u00e4umen gest\u00e4rkt und jungen Menschen g\u00fcnstigere Entwicklungsm\u00f6glichkeiten er\u00f6ffnet werden. Gef\u00f6rdert werden beispielsweise Ma\u00dfnahmen in folgenden Bereichen:<\/p>\n<ul>\n<li>Landtourismus<\/li>\n<li>Bauliche Ma\u00dfnahmen zur Umnutzung, Wiedernutzung oder zum Erhalt l\u00e4ndlicher Bausubstanz f\u00fcr private Zwecke, insbesondere f\u00fcr junge Familien<\/li>\n<li>Soziokulturelle Infrastruktur und l\u00e4ndliches Kulturerbe<\/li>\n<li>Strategieentwicklung und -umsetzung f\u00fcr ILE-Gebiete<\/li>\n<\/ul>\n<p>Beim Zusammenschluss zu einer ILE m\u00fcssen die vorhandenen St\u00e4rken und Schw\u00e4chen der jeweiligen Region analysiert und Ansatzpunkte f\u00fcr eine zukunftsorientierte Entwicklung erarbeitet werden. Es wird jedoch nicht nach Einzell\u00f6sungen, sondern nach ILE-\u00fcbergreifenden Ans\u00e4tzen, die der Allgemeinheit dienen, gesucht.<br \/>\nIm Mittelpunkt integrierter, l\u00e4ndlicher Entwicklung steht die Zusammenarbeit zwischen Kommunen, Politik und Verwaltung, den B\u00fcrgerinnen und B\u00fcrgern, der Wirtschaft, Wissenschaft und Bildung.<\/p>\n<p>Somit ist die integrierte l\u00e4ndliche Entwicklung ein gebietsbezogener, themen\u00fcbergreifender, partnerschaftlicher, dynamischer und langfristiger Ansatz, der das Ziel verfolgt, verschiedene Themenfelder in einer gemeinsamen Entwicklungsstrategie auf verschiedenen Ebenen und mit unterschiedlichen Ma\u00dfnahmen zu vereinen. Die Basis hierf\u00fcr bildet ein integriertes Entwicklungskonzept (kurz ILEK). Es dient als Leitfaden und Orientierung bei der Umsetzung der definierten Aufgabenbereiche f\u00fcr das gesamte ILE-Gebiet.<\/p>\n<p>&nbsp;<\/p>\n<h3>Informationen und Brosch\u00fcren zur ILE Passauer Oberland<\/h3>\n<ul>\n<li><a href=\"https:\/\/passauer-oberland.de\/wp-content\/uploads\/2018\/02\/Flyer_Passauer_Oberland_4Seiter_L03.pdf\" target=\"_blank\" rel=\"noopener noreferrer\">Kurzvorstellung &#8222;ILE Passauer Oberland&#8220; zum Download<\/a><\/li>\n<li><a href=\"https:\/\/passauer-oberland.de\/wp-content\/uploads\/2015\/12\/PA-Oberland.pdf\">Brosch\u00fcre &#8222;Das Passauer Oberland&#8220; zum Download<\/a><\/li>\n<\/ul>\n<p>[\/vc_column_text][\/vc_column][\/vc_row]<\/p><\/div>","protected":false},"excerpt":{"rendered":"<p>[vc_row][vc_column width=&#8220;1\/4&#8243;][vc_single_image image=&#8220;3485&#8243; img_size=&#8220;medium&#8220; alignment=&#8220;center&#8220; onclick=&#8220;link_image&#8220;][\/vc_column][vc_column width=&#8220;3\/4&#8243;][vc_column_text] ILE &#8211; Integrierte l\u00e4ndliche Entwicklung &nbsp; Hintergr\u00fcnde, Aufgaben, M\u00f6glichkeiten Warum integrierte l\u00e4ndliche Entwicklung? Viele Regionen sind besonders stark vom demographischen Wandel betroffen: niedrige Geburtenraten, Abwanderung junger Arbeitskr\u00e4fte in die Ballungsr\u00e4ume, Anstieg der Lebenserwartung, [&hellip;]<\/p>\n","protected":false},"author":11,"featured_media":3470,"parent":0,"menu_order":0,"comment_status":"closed","ping_status":"closed","template":"page_r.php","meta":{"footnotes":""},"class_list":["post-130","page","type-page","status-publish","has-post-thumbnail","hentry"],"_links":{"self":[{"href":"https:\/\/passauer-oberland.de\/index.php?rest_route=\/wp\/v2\/pages\/130","targetHints":{"allow":["GET"]}}],"collection":[{"href":"https:\/\/passauer-oberland.de\/index.php?rest_route=\/wp\/v2\/pages"}],"about":[{"href":"https:\/\/passauer-oberland.de\/index.php?rest_route=\/wp\/v2\/types\/page"}],"author":[{"embeddable":true,"href":"https:\/\/passauer-oberland.de\/index.php?rest_route=\/wp\/v2\/users\/11"}],"replies":[{"embeddable":true,"href":"https:\/\/passauer-oberland.de\/index.php?rest_route=%2Fwp%2Fv2%2Fcomments&post=130"}],"version-history":[{"count":33,"href":"https:\/\/passauer-oberland.de\/index.php?rest_route=\/wp\/v2\/pages\/130\/revisions"}],"predecessor-version":[{"id":4062,"href":"https:\/\/passauer-oberland.de\/index.php?rest_route=\/wp\/v2\/pages\/130\/revisions\/4062"}],"wp:featuredmedia":[{"embeddable":true,"href":"https:\/\/passauer-oberland.de\/index.php?rest_route=\/wp\/v2\/media\/3470"}],"wp:attachment":[{"href":"https:\/\/passauer-oberland.de\/index.php?rest_route=%2Fwp%2Fv2%2Fmedia&parent=130"}],"curies":[{"name":"wp","href":"https:\/\/api.w.org\/{rel}","templated":true}]}}