{"id":1784,"date":"2019-03-06T19:01:56","date_gmt":"2019-03-06T17:01:56","guid":{"rendered":"https:\/\/passauer-oberland.de\/?page_id=1784"},"modified":"2024-05-27T11:59:39","modified_gmt":"2024-05-27T09:59:39","slug":"vereine-ehrenamt","status":"publish","type":"page","link":"https:\/\/passauer-oberland.de\/?page_id=1784","title":{"rendered":"Vereine &#038; B\u00fcrgerschaftliches Engagement"},"content":{"rendered":"<div class=\"wpb-content-wrapper\"><p>[vc_row][vc_column][vc_single_image image=&#8220;4189&#8243; img_size=&#8220;full&#8220; add_caption=&#8220;yes&#8220; alignment=&#8220;center&#8220; onclick=&#8220;link_image&#8220;][\/vc_column][\/vc_row][vc_row][vc_column][vc_column_text]<\/p>\n<h2><strong>Vereinsarbeit &amp; Ehrenamt unverzichtbar f\u00fcr das Gemeindeleben<\/strong><\/h2>\n<p>Die gro\u00dfe Bedeutung von Vereinsarbeit und ehrenamtlichem Engagement f\u00fcr ein funktionierendes Gemeindeleben ist unbestritten. Beides ist \u2013 gerade in Anbetracht der vielf\u00e4ltigen gesellschaftlichen Ver\u00e4nderungen und Herausforderungen \u2013 geradezu unverzichtbar. Vereine und ihre Mitglieder, aber auch die vielen ehrenamtlich T\u00e4tigen in allen Bereichen des gesellschaftlichen Lebens \u00fcbernehmen freiwillig Aufgaben, die dem Gemeinwohl dienen. Dies gilt es nachhaltig zu unterst\u00fctzen und zu w\u00fcrdigen.<\/p>\n<p><strong>Vereinsschule Passauer Oberland <\/strong><\/p>\n<p>Die erste Ma\u00dfnahme des Handlungsfeldes war die Gr\u00fcndung der \u201eVereinsschule Passauer Oberland\u201c. Sie soll Vereinsvertretern \u2013 und solchen, die es werden wollen \u2013 als auch anderen Ehrenamtlichen n\u00fctzliche Informationen an die Hand geben und fachliches Wissen vermitteln, das sie in ihrer T\u00e4tigkeit unterst\u00fctzen soll. Seit 2018 finden Informationsabende statt. Sie stie\u00dfen auf gute Resonanz und konnten mit fundierten Fachvortr\u00e4gen kompetenter Referenten \u00fcberzeugen.<\/p>\n<p>Die Veranstaltungen zeigten, wie wichtig es ist, Menschen zu verbinden und sie zum gegenseitigen Austausch einzuladen. Man kann ohne gro\u00dfen Aufwand voneinander profitieren!<\/p>\n<p><strong>W\u00fcrdigung ehrenamtlich T\u00e4tiger <\/strong><\/p>\n<p>Seit einigen Jahren gibt es auf verschiedenen Ebenen die sog. \u201eEhrenamtsabende\u201c, bei denen ehrenamtlich T\u00e4tige \u00f6ffentlich gew\u00fcrdigt werden. Das ist wichtig und gut! Dadurch werden \u2013 oft auch im Verborgenen t\u00e4tige \u2013 engagierte Personen mit ihrer ehrenamtlichen T\u00e4tigkeit der \u00d6ffentlichkeit bekannt gemacht und k\u00f6nnen somit als Vorbilder wahrgenommen werden.<\/p>\n<p>Auch in den ILE-Gemeinden des Passauer Oberlandes wird diese Art der Anerkennung immer pr\u00e4senter. Die Gemeinden sind sich bewusst, dass ohne die wertvolle Arbeit im Ehrenamt das Gemeindeleben auf Dauer nicht funktionieren wird.<\/p>\n<p><strong>Beispiele bisheriger Ma\u00dfnahmen im Handlungsfeld:<\/strong><\/p>\n<ul>\n<li>Gr\u00fcndung der Vereinsschule Passauer Oberland (2018)<\/li>\n<li>Einf\u00fchrung von \u201eEhrenamtsempf\u00e4ngen\u201c f\u00fcr ehrenamtlich T\u00e4tige in den Gemeinden<\/li>\n<li>Zweimal j\u00e4hrlich Organisation von Info-Abenden mit Fachvortr\u00e4gen f\u00fcr Vereinsverantwortliche im Rahmen der Vereinsschule Passauer Oberland<\/li>\n<li>Hilfestellung bei Fragen zum Vereinsrecht<\/li>\n<li>Zusch\u00fcsse f\u00fcr Kleinprojekte von Vereinen im Rahmen des ILE-Regionalbudgets<\/li>\n<\/ul>\n<p>[\/vc_column_text][\/vc_column][\/vc_row]<\/p><\/div>","protected":false},"excerpt":{"rendered":"<p>[vc_row][vc_column][vc_single_image image=&#8220;4189&#8243; img_size=&#8220;full&#8220; add_caption=&#8220;yes&#8220; alignment=&#8220;center&#8220; onclick=&#8220;link_image&#8220;][\/vc_column][\/vc_row][vc_row][vc_column][vc_column_text] Vereinsarbeit &amp; Ehrenamt unverzichtbar f\u00fcr das Gemeindeleben Die gro\u00dfe Bedeutung von Vereinsarbeit und ehrenamtlichem Engagement f\u00fcr ein funktionierendes Gemeindeleben ist unbestritten. Beides ist \u2013 gerade in Anbetracht der vielf\u00e4ltigen gesellschaftlichen Ver\u00e4nderungen und Herausforderungen \u2013 [&hellip;]<\/p>\n","protected":false},"author":2,"featured_media":4188,"parent":0,"menu_order":0,"comment_status":"closed","ping_status":"closed","template":"page_r.php","meta":{"footnotes":""},"class_list":["post-1784","page","type-page","status-publish","has-post-thumbnail","hentry"],"_links":{"self":[{"href":"https:\/\/passauer-oberland.de\/index.php?rest_route=\/wp\/v2\/pages\/1784","targetHints":{"allow":["GET"]}}],"collection":[{"href":"https:\/\/passauer-oberland.de\/index.php?rest_route=\/wp\/v2\/pages"}],"about":[{"href":"https:\/\/passauer-oberland.de\/index.php?rest_route=\/wp\/v2\/types\/page"}],"author":[{"embeddable":true,"href":"https:\/\/passauer-oberland.de\/index.php?rest_route=\/wp\/v2\/users\/2"}],"replies":[{"embeddable":true,"href":"https:\/\/passauer-oberland.de\/index.php?rest_route=%2Fwp%2Fv2%2Fcomments&post=1784"}],"version-history":[{"count":7,"href":"https:\/\/passauer-oberland.de\/index.php?rest_route=\/wp\/v2\/pages\/1784\/revisions"}],"predecessor-version":[{"id":4190,"href":"https:\/\/passauer-oberland.de\/index.php?rest_route=\/wp\/v2\/pages\/1784\/revisions\/4190"}],"wp:featuredmedia":[{"embeddable":true,"href":"https:\/\/passauer-oberland.de\/index.php?rest_route=\/wp\/v2\/media\/4188"}],"wp:attachment":[{"href":"https:\/\/passauer-oberland.de\/index.php?rest_route=%2Fwp%2Fv2%2Fmedia&parent=1784"}],"curies":[{"name":"wp","href":"https:\/\/api.w.org\/{rel}","templated":true}]}}