{"id":1875,"date":"2019-04-15T13:26:47","date_gmt":"2019-04-15T11:26:47","guid":{"rendered":"https:\/\/passauer-oberland.de\/?page_id=1875"},"modified":"2024-07-03T11:48:00","modified_gmt":"2024-07-03T09:48:00","slug":"beratungsangebote","status":"publish","type":"page","link":"https:\/\/passauer-oberland.de\/?page_id=1875","title":{"rendered":"Beratungsangebote"},"content":{"rendered":"<div class=\"wpb-content-wrapper\"><p>[vc_row][vc_column width=&#8220;2\/3&#8243;][vc_column_text]<\/p>\n<h2><strong>Beratungsangebote<\/strong><\/h2>\n<p>Die <strong>ILE Passauer Oberland<\/strong> bietet interessierten B\u00fcrgern die M\u00f6glichkeit einer unabh\u00e4ngigen und kompetenten<\/p>\n<p>Energieberatung durch einen unabh\u00e4ngigen Energieexperten vor Ort. Die Energieberatung erfolgt dabei in<\/p>\n<h2>Kooperation der ILE Passauer Oberland mit dem <a href=\"https:\/\/www.verbraucherservice-bayern.de\/themen\/energie\/energieberatung\">VerbraucherService Bayern im KDFB e.V.<\/a><\/h2>\n<p>Nutzen Sie diese M\u00f6glichkeit und lassen Sie sich kompetent und unabh\u00e4ngig \u00fcber die Effizienz und den Nutzen von<\/p>\n<p>Energie, Energiesparen und den Einsatz von erneuerbaren Energien beraten.[\/vc_column_text][vc_single_image image=&#8220;1856&#8243; img_size=&#8220;large&#8220; alignment=&#8220;center&#8220;][vc_separator border_width=&#8220;2&#8243;][vc_column_text]W\u00e4hlen Sie aus den <strong>kostenfreien<\/strong> Angeboten:<\/p>\n<h3><a href=\"https:\/\/www.verbraucherzentrale-energieberatung.de\/beratung\/onlineberatung.html\"><strong>Online-Beratung<\/strong><\/a><\/h3>\n<p>Die kostenlose Online-Kurzberatung gibt Ihnen eine erste Einsch\u00e4tzung Ihrer Energiespar-Fragen, z. B. der Auswahl von Heizsystemen<br \/>\noder F\u00f6rderm\u00f6glichkeiten.<\/p>\n<h3><a href=\"https:\/\/www.verbraucherzentrale-energieberatung.de\/beratung\/telefon.html\"><strong>Telefonberatung<\/strong><\/a><\/h3>\n<p>F\u00fcr kurze Beratungen oder um sich einen ersten \u00dcberblick zu verschaffen unter 0800-809 802 400 (kostenfrei).<\/p>\n<p><strong>Geeignet f\u00fcr:<\/strong> Mieter, private Haus- oder Wohnungseigent\u00fcmer, private Vermieter, Bauherren<br \/>\n<strong>Inhalte: <\/strong>einfache Energiespar-Fragen, zum Beispiel zum Strom sparen oder den Auswahlkriterien beim Kauf von Elektroger\u00e4ten<\/p>\n<h3><a href=\"https:\/\/passauer-oberland.de\/?page_id=1882&amp;preview=true\"><strong>Station\u00e4re Beratung<\/strong><\/a><\/h3>\n<p>Dort kl\u00e4ren Sie komplexe Anliegen mit den Energieexperten im Rahmen einer Energiesprechstunde (Dauer ca. 30 \u2013 60 Minuten) im<br \/>\nBeratungsst\u00fctzpunkt.<\/p>\n<p>Hierzu ist eine <strong>Anmeldung erforderlich<\/strong>!<\/p>\n<p><strong>Geeignet f\u00fcr:<\/strong> Mieter, private Haus- oder Wohnungseigent\u00fcmer, private Vermieter, Bauherren<br \/>\n<strong>Inhalte:<\/strong> alle Energie-Fragen und Problemstellungen dazu<\/p>\n<p>Gerne kommen die Energieberater nach Terminvereinbarung zu einem <b>Check<\/b> zu Ihnen nach Hause:<\/p>\n<h3><a href=\"https:\/\/www.verbraucherzentrale-energieberatung.de\/beratung\/basis.html\"><strong>Basis-Check<\/strong><\/a><\/h3>\n<p><strong>Geeignet f\u00fcr:<\/strong> Mieter, private Haus- oder Wohnungseigent\u00fcmer, private Vermieter<br \/>\n<strong>Inhalte:<\/strong> \u00dcberblick \u00fcber Ihren Strom- und W\u00e4rmeverbrauch, die Ger\u00e4teausstattung und einfache Sparm\u00f6glichkeiten<\/p>\n<h3><a href=\"https:\/\/www.verbraucherzentrale-energieberatung.de\/beratung\/gebaeude.html\"><strong>Geb\u00e4ude-Check<\/strong><\/a><\/h3>\n<p><strong>Geeignet f\u00fcr:<\/strong> private Haus- oder Wohnungseigent\u00fcmer, private Vermieter<br \/>\n<strong>Inhalte:<\/strong> \u00dcberblick \u00fcber Ihren Strom- und W\u00e4rmeverbrauch, die Ger\u00e4teausstattung, die Heizungsanlage und die Geb\u00e4udeh\u00fclle<br \/>\nsowie Sparpotentiale<\/p>\n<h3><a href=\"https:\/\/www.verbraucherzentrale-energieberatung.de\/beratung\/heiz.html\"><strong>Heiz-Check<\/strong><\/a><\/h3>\n<p><strong>Geeignet f\u00fcr:<\/strong> private Haus- oder Wohnungseigent\u00fcmer, private Vermieter<br \/>\n<strong>Inhalte:<\/strong> \u00dcberpr\u00fcfung der optimalen Einstellung und Effizienz des gesamten Heizsystems (Niedertemperaturkessel, Brennwertkessel,<br \/>\nW\u00e4rmepumpe oder Fernw\u00e4rme)<\/p>\n<h3><a href=\"https:\/\/www.verbraucherzentrale-energieberatung.de\/beratung\/solarwaerme.html\"><strong>Solarw\u00e4rme-Check<\/strong><\/a><\/h3>\n<p><strong>Geeignet f\u00fcr: <\/strong>Besitzer einer solarthermischen Anlage<br \/>\n<strong>Inhalte:<\/strong> \u00dcberpr\u00fcfung der optimalen Einstellung und Effizienz der solarthermischen Anlage<\/p>\n<h3><a href=\"https:\/\/www.verbraucherzentrale-energieberatung.de\/beratung\/detail.html\"><strong>Detail-Check<\/strong><\/a><\/h3>\n<p><strong>Geeignet f\u00fcr: <\/strong>Mieter, private Haus- oder Wohnungseigent\u00fcmer, private Vermieter<br \/>\n<strong>Inhalte:<\/strong> einzelne, spezifische Energieprobleme, zum Beispiel bei baulichem W\u00e4rmeschutz oder Haustechnik<\/p>\n<h2>\u00dcbersicht<\/h2>\n<p>Eine \u00dcbersicht zum gesamten Beratungsangebot der Verbraucherzentrale finden Sie <a href=\"https:\/\/passauer-oberland.de\/wp-content\/uploads\/2019\/04\/2019-02_Beratungs\u00fcbersicht_VSB_energie.pdf\"><strong>hier<\/strong><\/a>.<\/p>\n<h2><strong>Kosten<\/strong><\/h2>\n<p>Die Energieberatung der Verbraucherzentrale wird vom Bundesministerium f\u00fcr Wirtschaft und Energie gef\u00f6rdert.<\/p>\n<p>F\u00fcr die Beratungen <strong>\u201eGeb\u00e4ude-Check\u201c<\/strong>, <strong>\u201eSolarw\u00e4rme-Check\u201c<\/strong>, <strong>\u201eHeizcheck\u201c<\/strong> und <strong>\u201eDetailcheck\u201c<\/strong> betr\u00e4gt der <strong>Eigenanteil 30 Euro<\/strong>.<\/p>\n<p>Alle anderen Beratungen sind kostenfrei.<\/p>\n<p>F\u00fcr <strong>einkommensschwache Haushalte<\/strong> mit entsprechendem Nachweis sind alle Beratungsangebote <strong>kostenfrei<\/strong>.[\/vc_column_text][\/vc_column][vc_column width=&#8220;1\/3&#8243;][vc_single_image image=&#8220;1910&#8243; img_size=&#8220;large&#8220; alignment=&#8220;center&#8220;][vc_single_image image=&#8220;1854&#8243; img_size=&#8220;medium&#8220; alignment=&#8220;center&#8220;][vc_single_image image=&#8220;1851&#8243; img_size=&#8220;medium&#8220; alignment=&#8220;center&#8220;][vc_single_image image=&#8220;1850&#8243; img_size=&#8220;medium&#8220; alignment=&#8220;center&#8220;][vc_single_image image=&#8220;1849&#8243; img_size=&#8220;medium&#8220; alignment=&#8220;center&#8220;][vc_single_image image=&#8220;1848&#8243; img_size=&#8220;medium&#8220; alignment=&#8220;center&#8220;][\/vc_column][\/vc_row][vc_row][vc_column][vc_text_separator title=&#8220;Anmeldung beim Netzwerkmanager&#8220; i_icon_fontawesome=&#8220;fas fa-user-check&#8220; i_color=&#8220;green&#8220; border_width=&#8220;3&#8243; add_icon=&#8220;true&#8220;][vc_column_text]<\/p>\n<h2 class=\"neo-med\" style=\"text-align: center;\">Anmeldung zu den Beratungen \/ Checks<\/h2>\n<p style=\"text-align: center;\">Herrn Matthias Obermeier<br \/>\nTelefonnummer: 08582-979709-0<br \/>\nEmail: <a href=\"mailto:mo@nigl-mader.de\">mo@nigl-mader.de<\/a><\/p>\n<p style=\"text-align: center;\">Hier finden Sie weitere Informationen zur <a href=\"https:\/\/www.verbraucherzentrale-energieberatung.de\/\" target=\"_blank\" rel=\"noopener noreferrer\"><strong>Energieberatung der Verbraucherzentrale<\/strong><\/a><\/p>\n<p>[\/vc_column_text][\/vc_column][\/vc_row]<\/p><\/div>","protected":false},"excerpt":{"rendered":"<p>[vc_row][vc_column width=&#8220;2\/3&#8243;][vc_column_text] Beratungsangebote Die ILE Passauer Oberland bietet interessierten B\u00fcrgern die M\u00f6glichkeit einer unabh\u00e4ngigen und kompetenten Energieberatung durch einen unabh\u00e4ngigen Energieexperten vor Ort. Die Energieberatung erfolgt dabei in Kooperation der ILE Passauer Oberland mit dem VerbraucherService Bayern im KDFB e.V. [&hellip;]<\/p>\n","protected":false},"author":4,"featured_media":0,"parent":213,"menu_order":0,"comment_status":"closed","ping_status":"closed","template":"","meta":{"footnotes":""},"class_list":["post-1875","page","type-page","status-publish","hentry"],"_links":{"self":[{"href":"https:\/\/passauer-oberland.de\/index.php?rest_route=\/wp\/v2\/pages\/1875","targetHints":{"allow":["GET"]}}],"collection":[{"href":"https:\/\/passauer-oberland.de\/index.php?rest_route=\/wp\/v2\/pages"}],"about":[{"href":"https:\/\/passauer-oberland.de\/index.php?rest_route=\/wp\/v2\/types\/page"}],"author":[{"embeddable":true,"href":"https:\/\/passauer-oberland.de\/index.php?rest_route=\/wp\/v2\/users\/4"}],"replies":[{"embeddable":true,"href":"https:\/\/passauer-oberland.de\/index.php?rest_route=%2Fwp%2Fv2%2Fcomments&post=1875"}],"version-history":[{"count":35,"href":"https:\/\/passauer-oberland.de\/index.php?rest_route=\/wp\/v2\/pages\/1875\/revisions"}],"predecessor-version":[{"id":4276,"href":"https:\/\/passauer-oberland.de\/index.php?rest_route=\/wp\/v2\/pages\/1875\/revisions\/4276"}],"up":[{"embeddable":true,"href":"https:\/\/passauer-oberland.de\/index.php?rest_route=\/wp\/v2\/pages\/213"}],"wp:attachment":[{"href":"https:\/\/passauer-oberland.de\/index.php?rest_route=%2Fwp%2Fv2%2Fmedia&parent=1875"}],"curies":[{"name":"wp","href":"https:\/\/api.w.org\/{rel}","templated":true}]}}