{"id":2096,"date":"2019-07-18T09:18:23","date_gmt":"2019-07-18T07:18:23","guid":{"rendered":"https:\/\/passauer-oberland.de\/?page_id=2096"},"modified":"2024-04-11T12:20:47","modified_gmt":"2024-04-11T10:20:47","slug":"oeko-modellregion-passauer-oberland","status":"publish","type":"page","link":"https:\/\/passauer-oberland.de\/?page_id=2096","title":{"rendered":"Staatlich anerkannte \u00d6ko-Modellregion Passauer Oberland"},"content":{"rendered":"<h3><strong><a href=\"https:\/\/passauer-oberland.de\/wp-content\/uploads\/2023\/09\/IMG_20230916_121106-scaled.jpg\"><img loading=\"lazy\" decoding=\"async\" class=\"alignnone size-medium wp-image-3893\" src=\"https:\/\/passauer-oberland.de\/wp-content\/uploads\/2023\/09\/IMG_20230916_121106-300x225.jpg\" alt=\"\" width=\"300\" height=\"225\" \/><\/a><a href=\"https:\/\/passauer-oberland.de\/wp-content\/uploads\/2023\/08\/IMG_20230807_144457-scaled.jpg\"><img loading=\"lazy\" decoding=\"async\" class=\"alignnone size-medium wp-image-3839\" src=\"https:\/\/passauer-oberland.de\/wp-content\/uploads\/2023\/08\/IMG_20230807_144457-300x225.jpg\" alt=\"Kochkurs Vegetarische Sommerk\u00fcche\" width=\"300\" height=\"225\" \/><\/a><a href=\"https:\/\/passauer-oberland.de\/wp-content\/uploads\/2022\/06\/logo_OeMR-1.jpg\"><img loading=\"lazy\" decoding=\"async\" class=\"alignnone wp-image-3398\" src=\"https:\/\/passauer-oberland.de\/wp-content\/uploads\/2022\/06\/logo_OeMR-1-300x300.jpg\" alt=\"\" width=\"223\" height=\"223\" \/><\/a><\/strong><\/h3>\n<h3><\/h3>\n<h4>Erfolgreiche Bewerbung f\u00fchrte zur Auszeichnung<\/h4>\n<p>Mit einem \u00fcberzeugenden Konzept war unsere Bewerbung als \u00d6ko-Modellregion im Jahr 2019 von Erfolg gekr\u00f6nt. Beim Festakt am 2. Mai 2019 in M\u00fcnchen erhielt ILE-Vorsitzender, B\u00fcrgermeister Stephan Gawlik (F\u00fcrstenstein) zusammen mit einer Abordnung aus dem Passauer Oberland aus den H\u00e4nden von Landwirtschaftsministerin Michaela Kaniber die Auszeichnung in Form einer Urkunde \u00fcberreicht. (siehe gro\u00dfes Foto\/Quelle: Seyfahrt).<\/p>\n<h4><strong>St\u00e4rkung regionaler Wertsch\u00f6pfung &#8211; Baustein \u00d6ko-Modellregionen<\/strong><\/h4>\n<p>Die \u00d6ko-Modellregionen sind eine Ma\u00dfnahme im Landesprogramm BioRegio Bayern 2020 und dessen Nachfolge-programm BioRegio 2030. Sie sollen den \u00f6kologischen Landbau entlang der gesamten Wertsch\u00f6pfungskette f\u00f6rdern und das \u00f6kologische Bewusstsein bei der Bev\u00f6lkerung und den Verantwortungstr\u00e4gern st\u00e4rken. Ziel ist bis 2030 den Anteil an \u00f6kologisch bewirtschafteter Fl\u00e4che auf 30 % zu erh\u00f6hen. Die Steigerung der \u00d6ko-Anbaufl\u00e4che verbindet regionale wirtschaftliche Entwicklung und \u00f6kologische Erzeugung mit den damit einhergehenden positiven Auswirkungen auf die Umwelt, in Bezug auf Artenvielfalt, Klima- und Bodenschutz.<\/p>\n<p><strong>Die \u00d6ko-Modellregion Passauer Oberland<\/strong> erstreckt sich auf das gleichnamige Gebiet der ILE Passauer Oberland und umfasst insgesamt 11 Gemeinden im Landkreis Passau. Als geographisches Bindeglied zwischen der Universit\u00e4tsstadt Passau und dem Bayerischen Wald sind die reizvollen Landschaften des Vorwaldes vom einzigartigen Naturraum Ilz und der \u00fcber 1000-j\u00e4hrigen Kulturgeschichte am Handelswegenetz der Goldenen Steige gepr\u00e4gt. Unter landwirtschaft-lichen und landschaftsbildlichen Gesichtspunkten ist die Region vorwiegend von Gr\u00fcnland und Viehhaltung geformt, zudem spielen Acker- und Futterbau eine Rolle.<\/p>\n<p>Vor Ort st\u00f6\u00dft man auf Pioniere des \u00f6kologischen Landbaus, die bereits in den 1990er Jahren die \u00f6kologische Wirt-schaftsform f\u00fcr sich entdeckt und damit den \u00f6kologischen Landbau in der Region vorangetrieben haben. Hier handelt es sich neben Landwirten und den Betreibern einer Getreideaufbereitung um eine Biob\u00e4ckerei, die ihr gesamtes Sortiment auf 100 % Bio umstellen konnte. Vermehrt spielt jedoch auch eine junge Generation von \u00fcberzeugten Biolandwirtinnen und \u2013landwirten eine immer gr\u00f6\u00dfer werdende Rolle. So sind in den letzten Jahren innovative Gem\u00fcsebaukonzepte und Solawis entstanden. Neben der klassischen Produktion von Biomilch und Biofleisch f\u00fchren verschiedene Diversifizie-rungsstrategien zu einem immer umfassender werdenden Angebot an veredelten landwirtschaftlichen Produkten, die meist direkt vermarktet werden. Auch weitere Betriebszweige wie die Erlebnisp\u00e4dagogik werden zunehmend als wichtige Zusatzangebote angesehen.<\/p>\n<h4>Ma\u00dfnahmen in der \u00d6ko-Modellregion Passauer Oberland<\/h4>\n<p>Oberstes Ziel der \u00d6ko-Modellregion ist es, Strukturen des \u00d6kolandbaus auszubauen und zu st\u00e4rken.<br \/>\nHierf\u00fcr organisieren wir unterschiedlichste Veranstaltungen und Netzwerktreffen, um die Akteure in der Region miteinander in den Austausch zu bringen und um Potenziale f\u00fcr regionale Wertsch\u00f6pfungsketten auszuloten. Als Beitrag zur Bewusstseinsbildung wollen wir der Bev\u00f6lkerung des Passauer Oberlandes den Wert regionaler Bioprodukte und den Vorteil regionaler Wirtschaftskreisl\u00e4ufe sichtbar machen.<\/p>\n<p>Das schaffen wir u.a. mit:<\/p>\n<ul>\n<li>Betriebsbesichtigungen im Rahmen von Radtouren und Wanderungen<\/li>\n<li>mit der Auflage unseres bioregionalen Einkaufsf\u00fchrers<\/li>\n<li>mit der Zusammenarbeit an den Schulen im Passauer Oberland im Rahmen unserer Klimaschutzoffensive mit Unterst\u00fctzung der Umweltstation &#8222;Haus am Strom&#8220; in Jochenstein<\/li>\n<li>mit unseren eigenen Projekten wie der Bio-Brotboxaktion oder der Bio-Schulverpflegung im Schulverband B\u00fcchlberg-Hutthurm<\/li>\n<li>mit der fachlichen Unterst\u00fctzung bei der Anlage von biodiversit\u00e4tsf\u00f6rdernden Landschaftselementen auf kommunalen Fl\u00e4chen in den Passauer Oberland Gemeinden<\/li>\n<\/ul>\n<p>Mehr zu den mittlerweile \u00fcber 30 \u00d6ko-Modellregionen Bayerns finden Sie <a href=\"https:\/\/oekomodellregionen.bayern\">hier<\/a><\/p>\n<p><a href=\"https:\/\/passauer-oberland.de\/wp-content\/uploads\/2024\/04\/oemr-karte-v18-nummeriert.jpg\"><img loading=\"lazy\" decoding=\"async\" class=\"alignnone wp-image-4140\" src=\"https:\/\/passauer-oberland.de\/wp-content\/uploads\/2024\/04\/oemr-karte-v18-nummeriert-287x300.jpg\" alt=\"\" width=\"500\" height=\"522\" \/><\/a><\/p>\n<p>&nbsp;<\/p>\n<p>&nbsp;<\/p>\n<p>&nbsp;<\/p>","protected":false},"excerpt":{"rendered":"<p>Erfolgreiche Bewerbung f\u00fchrte zur Auszeichnung Mit einem \u00fcberzeugenden Konzept war unsere Bewerbung als \u00d6ko-Modellregion im Jahr 2019 von Erfolg gekr\u00f6nt. Beim Festakt am 2. Mai 2019 in M\u00fcnchen erhielt ILE-Vorsitzender, B\u00fcrgermeister Stephan Gawlik (F\u00fcrstenstein) zusammen mit einer Abordnung aus dem [&hellip;]<\/p>\n","protected":false},"author":2,"featured_media":1982,"parent":0,"menu_order":0,"comment_status":"closed","ping_status":"closed","template":"page_r.php","meta":{"footnotes":""},"class_list":["post-2096","page","type-page","status-publish","has-post-thumbnail","hentry"],"_links":{"self":[{"href":"https:\/\/passauer-oberland.de\/index.php?rest_route=\/wp\/v2\/pages\/2096","targetHints":{"allow":["GET"]}}],"collection":[{"href":"https:\/\/passauer-oberland.de\/index.php?rest_route=\/wp\/v2\/pages"}],"about":[{"href":"https:\/\/passauer-oberland.de\/index.php?rest_route=\/wp\/v2\/types\/page"}],"author":[{"embeddable":true,"href":"https:\/\/passauer-oberland.de\/index.php?rest_route=\/wp\/v2\/users\/2"}],"replies":[{"embeddable":true,"href":"https:\/\/passauer-oberland.de\/index.php?rest_route=%2Fwp%2Fv2%2Fcomments&post=2096"}],"version-history":[{"count":13,"href":"https:\/\/passauer-oberland.de\/index.php?rest_route=\/wp\/v2\/pages\/2096\/revisions"}],"predecessor-version":[{"id":2155,"href":"https:\/\/passauer-oberland.de\/index.php?rest_route=\/wp\/v2\/pages\/2096\/revisions\/2155"}],"wp:featuredmedia":[{"embeddable":true,"href":"https:\/\/passauer-oberland.de\/index.php?rest_route=\/wp\/v2\/media\/1982"}],"wp:attachment":[{"href":"https:\/\/passauer-oberland.de\/index.php?rest_route=%2Fwp%2Fv2%2Fmedia&parent=2096"}],"curies":[{"name":"wp","href":"https:\/\/api.w.org\/{rel}","templated":true}]}}