{"id":211,"date":"2013-08-07T19:40:24","date_gmt":"2013-08-07T17:40:24","guid":{"rendered":"https:\/\/passauer-oberland.de\/_wp\/?page_id=211"},"modified":"2024-05-27T11:23:22","modified_gmt":"2024-05-27T09:23:22","slug":"demografie","status":"publish","type":"page","link":"https:\/\/passauer-oberland.de\/?page_id=211","title":{"rendered":"Demographie &#038; Soziale Infrastruktur"},"content":{"rendered":"<div class=\"wpb-content-wrapper\"><p>[vc_row][vc_column][vc_column_text]<\/p>\n<h1>Demographischer Wandel ver\u00e4ndert die Gesellschaft<\/h1>\n<p>Wie das Statistische Bundesamt berechnete, wird bis zum Jahr 2050 die Bev\u00f6lkerung in Deutschland um rund sieben Millionen Menschen auf insgesamt 75 Millionen schrumpfen. Diese demographische Entwicklung und der fortschreitende Strukturwandel werden unsere Gesellschaft sp\u00fcrbar ver\u00e4ndern. Als pr\u00e4gende Faktoren sind die \u00dcberalterung der Bev\u00f6lkerung, die Landflucht junger Leute, der Mangel an Fachkr\u00e4ften oder auch die Zunahme von Zuwanderern in den letzten Jahren zu nennen. Zwar steigen die Geburtenraten wieder an, aber nicht in dem Ma\u00dfe wie eigentlich notwendig. Die Herausforderungen werden nicht weniger.<\/p>\n<p><strong>Kommunale Infrastruktur st\u00e4rken<\/strong><\/p>\n<p>Die Gemeinden im Passauer Oberland haben die Notwendigkeit erkannt, sich an diesen Tatsachen zu orientieren und zu handeln. Sie sind daher laufend dabei, ihre \u201eHausaufgaben\u201c zu machen und die bestehende Infrastruktur \u2013 dort, wo m\u00f6glich \u2013 zu verbessern oder neu auszurichten.<br \/>\nIhre Zielsetzung dabei ist es, allen Alters- und Bev\u00f6lkerungsgruppen attraktive Freizeit- und Lebensbedingungen vor Ort anbieten zu k\u00f6nnen. Die Entscheidung f\u00fcr ein Leben in l\u00e4ndlicher Region muss f\u00fcr alle Gesellschaftsschichten und generationen\u00fcbergreifend lohnens- und liebenswert sein.<\/p>\n<p><strong>Jugend, Familie, Senioren im Fokus <\/strong><\/p>\n<p>Insbesondere aber stehen aufgrund der Entwicklungen im Zuge des demographischen Wandels junge Leute, Familien und Senioren im Fokus. Ihre Bed\u00fcrfnisse m\u00fcssen erkannt und entsprechende Ma\u00dfnahmen seitens der Gemeinden eingeleitet werden.<\/p>\n<p>Dazu geh\u00f6rt es beispielsweise, bezahlbaren Wohnraum m\u00f6glichst in den Ortskernen vorzuhalten oder zu schaffen, den \u00f6ffentlichen Raum m\u00f6glichst barrierefrei zu gestalten und generationen\u00fcbergreifende Betreuungs- und Unterst\u00fctzungsangebote anzubieten. Zudem gilt es Initiativen zu unterst\u00fctzen, die wichtige Einrichtungen der Daseinsvorsorge vor Ort erhalten, Angebote zur Freizeit- und Lebensgestaltung verbessern und den Wirtschaftsraum st\u00e4rken, um sowohl Unternehmen als auch ihren Arbeitnehmern langfristige Perspektiven zu bieten.<\/p>\n<p>Eine wichtige Bedeutung im gemeindlichen Leben kommt den kommunalen Ansprechpartnern f\u00fcr Jugend und Senioren zu. Sie greifen vor Ort die Belange der jeweiligen Zielgruppe auf und unterst\u00fctzen die Umsetzung. Bei regelm\u00e4\u00dfigen Treffen mit ihren Kolleginnen und Kollegen aus den anderen ILE-Gemeinden profitieren sie gegenseitig von ihren Erfahrungen.<\/p>\n<p><strong>Beispiele bisheriger Ma\u00dfnahmen im Handlungsfeld:<\/strong><\/p>\n<ul>\n<li>Regelm\u00e4\u00dfige Netzwerktreffen der kommunalen Seniorenbeauftragten<\/li>\n<li>Unterst\u00fctzung dieser zu bestimmten Themen, z.B. Workshop f\u00fcr \u201eBesuchsdienste\u201c oder \u201eGed\u00e4chtnistrainings\u201c<\/li>\n<li>Organisation gemeinsamer Besichtigungen zur Information und Wissensvermittlung,<br \/>\nz.B. Seniorenwohnen (wie \u201eKirchberger Hoamat\u201c), Naturfriedhof \u201eAm Weinberg\u201c in B\u00fcchlberg-Tann\u00f6d, Dorfladenprojekt Haselbach<\/li>\n<li>Organisation eines j\u00e4hrlichen, gemeinsamen ILE-Seniorenausflugs der elf Passauer Oberland-Gemeinden<\/li>\n<li>Organisation von Info-Abenden zu seniorenrelevanten Themen, z.B. Patientenverf\u00fcgung &amp; Vorsorgevollmacht, \u201eFit &amp; gesund im Alter \u2013 trotz Medikamenten\u201c<\/li>\n<\/ul>\n<p>[\/vc_column_text][vc_single_image image=&#8220;4067&#8243; img_size=&#8220;large&#8220; add_caption=&#8220;yes&#8220; alignment=&#8220;center&#8220; onclick=&#8220;link_image&#8220;][vc_column_text][\/vc_column_text][\/vc_column][\/vc_row]<\/p><\/div>","protected":false},"excerpt":{"rendered":"<p>[vc_row][vc_column][vc_column_text] Demographischer Wandel ver\u00e4ndert die Gesellschaft Wie das Statistische Bundesamt berechnete, wird bis zum Jahr 2050 die Bev\u00f6lkerung in Deutschland um rund sieben Millionen Menschen auf insgesamt 75 Millionen schrumpfen. Diese demographische Entwicklung und der fortschreitende Strukturwandel werden unsere Gesellschaft [&hellip;]<\/p>\n","protected":false},"author":11,"featured_media":0,"parent":0,"menu_order":0,"comment_status":"closed","ping_status":"closed","template":"page_r.php","meta":{"footnotes":""},"class_list":["post-211","page","type-page","status-publish","hentry"],"_links":{"self":[{"href":"https:\/\/passauer-oberland.de\/index.php?rest_route=\/wp\/v2\/pages\/211","targetHints":{"allow":["GET"]}}],"collection":[{"href":"https:\/\/passauer-oberland.de\/index.php?rest_route=\/wp\/v2\/pages"}],"about":[{"href":"https:\/\/passauer-oberland.de\/index.php?rest_route=\/wp\/v2\/types\/page"}],"author":[{"embeddable":true,"href":"https:\/\/passauer-oberland.de\/index.php?rest_route=\/wp\/v2\/users\/11"}],"replies":[{"embeddable":true,"href":"https:\/\/passauer-oberland.de\/index.php?rest_route=%2Fwp%2Fv2%2Fcomments&post=211"}],"version-history":[{"count":21,"href":"https:\/\/passauer-oberland.de\/index.php?rest_route=\/wp\/v2\/pages\/211\/revisions"}],"predecessor-version":[{"id":4180,"href":"https:\/\/passauer-oberland.de\/index.php?rest_route=\/wp\/v2\/pages\/211\/revisions\/4180"}],"wp:attachment":[{"href":"https:\/\/passauer-oberland.de\/index.php?rest_route=%2Fwp%2Fv2%2Fmedia&parent=211"}],"curies":[{"name":"wp","href":"https:\/\/api.w.org\/{rel}","templated":true}]}}