{"id":213,"date":"2013-08-07T19:41:02","date_gmt":"2013-08-07T17:41:02","guid":{"rendered":"https:\/\/passauer-oberland.de\/_wp\/?page_id=213"},"modified":"2025-11-13T15:58:03","modified_gmt":"2025-11-13T13:58:03","slug":"energie","status":"publish","type":"page","link":"https:\/\/passauer-oberland.de\/?page_id=213","title":{"rendered":"Energie &#038; Umwelt, Nachhaltigkeit &#038; Ressourcenschutz"},"content":{"rendered":"<div class=\"wpb-content-wrapper\"><p>[vc_row][vc_column][vc_column_text css=&#8220;&#8220;]<\/p>\n<h3>Seit M\u00e4rz 2025 arbeiten die ILE-Kommunen an der Kommunalen W\u00e4rmeplanung. Federf\u00fchrend ist die Gemeinde Neukirchen vorm Wald, die den F\u00f6rderantrag stellte. Gef\u00f6rdert wird die KWP durch:<\/h3>\n<div class=\"wp-block-image\"><\/div>\n<div class=\"wp-block-image\"><a href=\"https:\/\/passauer-oberland.de\/wp-content\/uploads\/2025\/11\/BMUKN_NKI_gefoerdert_GRB_DE_2025_quer@4x-100.jpg\"><img loading=\"lazy\" decoding=\"async\" class=\"wpa-warning wpa-image-missing-alt alignnone size-medium wp-image-4851\" src=\"https:\/\/passauer-oberland.de\/wp-content\/uploads\/2025\/11\/BMUKN_NKI_gefoerdert_GRB_DE_2025_quer@4x-100-300x125.jpg\" alt=\"\" width=\"300\" height=\"125\" data-warning=\"Missing alt text\" \/><\/a><\/div>\n<h3><b>Klimaschutz und Klimawandel betreffen uns alle<\/b><\/h3>\n<p>Das Thema Energie &amp; Umwelt birgt vielschichtige Herausforderungen im Hinblick auf die Umsetzung der Energiewende und die Anpassung an den Klimawandel. Zunehmende regionale Unwetterereignisse, Hitze- und D\u00fcrreperioden haben gezeigt, dass der Klimawandel l\u00e4ngst in der Region angekommen ist. Im Zuge der regionalen Bedeutung des Themas und der daraus folgenden hohen Verantwortung f\u00fcr nachfolgende Generationen wurde bereits im Februar 2013 das Handlungsfeld \u201eEnergie &amp; Umwelt\u201c gegr\u00fcndet und im Jahr 2021 um die Bereiche Nachhaltigkeit &amp; Ressourcenschutz erweitert.<\/p>\n<p>Im Februar 2022 entschlossen sich die elf ILE-Gemeinden, ein Konzept zur Klimawandelanpassung f\u00fcr die Region des Passauer Oberlandes in Auftrag zu geben. Mit einer F\u00f6rderung \u00fcber die Regierung von Niederbayern konnte das Konzept erarbeitet und im Sommer 2023 auch vorgestellt werden. Schwerpunkte der Untersuchung waren die Ereignisse Hitze, D\u00fcrre, Starkregen und \u00dcberschwemmungen mit ihren Auswirkungen auf das ILE-Gebiet. Das ausf\u00fchrliche Konzept finden Sie hier:<\/p>\n<p><a href=\"https:\/\/passauer-oberland.de\/wp-content\/uploads\/2023\/09\/Klimaanpassungskonzept_ILE_Passauer_Oberland_ThINK_KlimaKom_final_17082023.pdf\">Klimaanpassungskonzept_ILE_Passauer_Oberland_ThINK_KlimaKom_final_17082023<\/a>.<\/p>\n<p><a href=\"https:\/\/passauer-oberland.de\/wp-content\/uploads\/2022\/11\/IMG_1226-scaled.jpg\"><img loading=\"lazy\" decoding=\"async\" class=\"alignnone size-medium wp-image-3585\" src=\"https:\/\/passauer-oberland.de\/wp-content\/uploads\/2022\/11\/IMG_1226-300x200.jpg\" alt=\"\" width=\"300\" height=\"200\" \/><\/a><a href=\"https:\/\/passauer-oberland.de\/wp-content\/uploads\/2024\/05\/IMG-20220914-WA0010.jpg\"><img loading=\"lazy\" decoding=\"async\" class=\"alignnone wp-image-4181 \" src=\"https:\/\/passauer-oberland.de\/wp-content\/uploads\/2024\/05\/IMG-20220914-WA0010-e1716802166221-300x203.jpg\" alt=\"\" width=\"295\" height=\"200\" \/><\/a><a href=\"https:\/\/passauer-oberland.de\/wp-content\/uploads\/2024\/05\/20220914_191554-scaled.jpg\"><img loading=\"lazy\" decoding=\"async\" class=\"alignnone wp-image-4182 \" src=\"https:\/\/passauer-oberland.de\/wp-content\/uploads\/2024\/05\/20220914_191554-scaled-e1716802252389-300x205.jpg\" alt=\"\" width=\"291\" height=\"199\" \/><\/a><a href=\"https:\/\/passauer-oberland.de\/wp-content\/uploads\/2024\/05\/IMG_1232-scaled.jpg\"><img loading=\"lazy\" decoding=\"async\" class=\"alignnone size-medium wp-image-4184\" src=\"https:\/\/passauer-oberland.de\/wp-content\/uploads\/2024\/05\/IMG_1232-300x200.jpg\" alt=\"\" width=\"300\" height=\"200\" \/><\/a><\/p>\n<p>Unter Einbezug von Akteuren und interessierten B\u00fcrgern konnte das rund 300 Seiten umfassende Konzept erarbeitet werden. Individuelle Gemeindesteckbriefe zeigen auf, wo Handlungsbedarf in den ILE-Gemeinden in Sachen Klimawandelanpassung besteht.<\/p>\n<p>Im Rahmen des Handlungsfeldes werden seit vielen Jahren regelm\u00e4\u00dfige Arbeitssitzungen, u. a. mit den Energiebeauftragten und Gemeindevertretern, durchgef\u00fchrt, gemeinsame Anliegen geb\u00fcndelt, besprochen und zur nachhaltigen Umsetzung gebracht. Der gemeinsame Erfahrungsaustausch vor, w\u00e4hrend oder nach Projektumsetzungen ergibt gro\u00dfe Synergieeffekte und Kosteneinsparungen f\u00fcr jede einzelne Gemeinde. Ein Resultat daraus ist die CO<sub>2<\/sub>-Einsparung! Das Handlungsfeld unterzog sich einer Evaluierung der Ma\u00dfnahmen zur CO<sub>2<\/sub>-Reduzierung. Diese ergab f\u00fcr den Zeitraum von 2014\u20132020 eine j\u00e4hrliche Reduzierung des CO<sub>2<\/sub>-Ausstosses von \u00fcber 3.000 Tonnen im ILE-Gebiet.<\/p>\n<p><strong>Beispiele bisheriger Ma\u00dfnahmen im Handlungsfeld:<\/strong><\/p>\n<ul>\n<li>Ausbildung &amp; Unterst\u00fctzung der Energiebeauftragten in den ILE-Gemeinden<\/li>\n<li>Optimierung kommunaler Liegenschaften, z.B. bei energetischen Sanierungen<\/li>\n<li>Umr\u00fcstung von Stra\u00dfenbeleuchtung auf LED<\/li>\n<li>Aufkl\u00e4rung &amp; Bewusstseinsbildung \u00fcber das Projekt \u201eKlimaschutz in Schulen\u201c (seit 07\/2017)<\/li>\n<li>Erstellen eines Klimawandelanpassungskonzepts f\u00fcr alle ILE-Gemeinden unter Beteiligung der B\u00fcrgerschaft<\/li>\n<\/ul>\n<p>[\/vc_column_text][\/vc_column][\/vc_row][vc_row][vc_column][vc_single_image img_size=&#8220;large&#8220; add_caption=&#8220;yes&#8220;][\/vc_column][\/vc_row]<\/p><\/div>","protected":false},"excerpt":{"rendered":"<p>[vc_row][vc_column][vc_column_text css=&#8220;&#8220;] Seit M\u00e4rz 2025 arbeiten die ILE-Kommunen an der Kommunalen W\u00e4rmeplanung. Federf\u00fchrend ist die Gemeinde Neukirchen vorm Wald, die den F\u00f6rderantrag stellte. Gef\u00f6rdert wird die KWP durch: Klimaschutz und Klimawandel betreffen uns alle Das Thema Energie &amp; Umwelt birgt [&hellip;]<\/p>\n","protected":false},"author":11,"featured_media":3851,"parent":0,"menu_order":0,"comment_status":"closed","ping_status":"closed","template":"page_r.php","meta":{"footnotes":""},"class_list":["post-213","page","type-page","status-publish","has-post-thumbnail","hentry"],"_links":{"self":[{"href":"https:\/\/passauer-oberland.de\/index.php?rest_route=\/wp\/v2\/pages\/213","targetHints":{"allow":["GET"]}}],"collection":[{"href":"https:\/\/passauer-oberland.de\/index.php?rest_route=\/wp\/v2\/pages"}],"about":[{"href":"https:\/\/passauer-oberland.de\/index.php?rest_route=\/wp\/v2\/types\/page"}],"author":[{"embeddable":true,"href":"https:\/\/passauer-oberland.de\/index.php?rest_route=\/wp\/v2\/users\/11"}],"replies":[{"embeddable":true,"href":"https:\/\/passauer-oberland.de\/index.php?rest_route=%2Fwp%2Fv2%2Fcomments&post=213"}],"version-history":[{"count":65,"href":"https:\/\/passauer-oberland.de\/index.php?rest_route=\/wp\/v2\/pages\/213\/revisions"}],"predecessor-version":[{"id":4852,"href":"https:\/\/passauer-oberland.de\/index.php?rest_route=\/wp\/v2\/pages\/213\/revisions\/4852"}],"wp:featuredmedia":[{"embeddable":true,"href":"https:\/\/passauer-oberland.de\/index.php?rest_route=\/wp\/v2\/media\/3851"}],"wp:attachment":[{"href":"https:\/\/passauer-oberland.de\/index.php?rest_route=%2Fwp%2Fv2%2Fmedia&parent=213"}],"curies":[{"name":"wp","href":"https:\/\/api.w.org\/{rel}","templated":true}]}}