{"id":221,"date":"2013-08-07T19:42:29","date_gmt":"2013-08-07T17:42:29","guid":{"rendered":"https:\/\/passauer-oberland.de\/_wp\/?page_id=221"},"modified":"2024-05-27T12:20:51","modified_gmt":"2024-05-27T10:20:51","slug":"wirtschaft","status":"publish","type":"page","link":"https:\/\/passauer-oberland.de\/?page_id=221","title":{"rendered":"Wirtschaft &#038; Standortentwicklung"},"content":{"rendered":"<div class=\"wpb-content-wrapper\"><p>[vc_row][vc_column][vc_single_image image=&#8220;3928&#8243; img_size=&#8220;full&#8220; alignment=&#8220;center&#8220; onclick=&#8220;link_image&#8220;][\/vc_column][\/vc_row][vc_row][vc_column][vc_column_text]<\/p>\n<h3><strong>Wirtschaftsnetzwerk Passauer Oberland<\/strong><\/h3>\n<p>Wer betreibt wo welches Unternehmen, welche Leistungen bietet es an, welche Produkte werden hergestellt und wie k\u00f6nnen Synergien genutzt werden? Der Informations- und Wissensaustausch zwischen den regional ans\u00e4ssigen Betrieben ist von entscheidender Bedeutung und wird mit dem Wirtschaftsnetzwerk Passauer Oberland intensiv gepflegt. Es unterst\u00fctzt aufstrebende Start-ups, traditionsreiche Handwerksbetriebe und international t\u00e4tige Gro\u00dfunternehmen in ihrem gemeinsamen Bem\u00fchen, Antworten auf die aktuellen Herausforderungen des beruflichen Alltags zu finden. Dieser Austausch zwischen Arbeitgebern findet im engen Miteinander von Unternehmen und Kommune eine f\u00fcr alle Beteiligten sinnvolle und gewinnbringende Fortsetzung.<\/p>\n<p><strong>Die Region als richtiger Standort<\/strong><\/p>\n<p>Die Entscheidung f\u00fcr einen Unternehmensstandort kennt \u201eharte\u201c und \u201eweiche\u201c Faktoren, messbare und unterschwellige Argumente, die f\u00fcr oder gegen eine Ansiedlung sprechen. Die Tatsachen der Verkehrsanbindung, der Arbeitsverf\u00fcgbarkeit und der Transportkosten, Internet-Anbindung\/Breitband, vorhandener Rohstoffe und nicht zuletzt geltender Umweltauflagen oder gew\u00e4hrter Wirtschaftsf\u00f6rderung treffen dabei auf den Wert der Lebensqualit\u00e4t. Was hat die Region zu bieten in Sachen Natur, Freizeit und Kultur? Wie wohnt es sich dort und zu welchen Kosten? Wie familienfreundlich sind die Gemeinden? Die elf Kommunen der ILE Passauer Oberland verstehen sich als leistungsstarker Partner vor Ort. Sie reichen ansiedlungswilligen Unternehmen die Hand und bieten ihnen vielschichtige Leistungen, die mittelfristig der Standortsicherung dienen.<\/p>\n<p><strong>Beispiele bisheriger Ma\u00dfnahmen im Handlungsfeld:<\/strong><\/p>\n<ul>\n<li>Unternehmertreffen des Wirtschaftsnetzwerks Passauer Oberland (zweimal j\u00e4hrlich) mit Besichtigung von Betrieben und Unternehmen in den ILE-Gemeinden<\/li>\n<li>Organisation der ersten Ausbildungsmesse im Passauer Oberland (2022 in Tiefenbach)<\/li>\n<li>Beteiligung an der Ausbildungsmesse \u201eHoamat-Job\u201c im M\u00e4rz 2024 in Eging a.See<\/li>\n<\/ul>\n<p>[\/vc_column_text][vc_column_text][\/vc_column_text][\/vc_column][\/vc_row]<\/p><\/div>","protected":false},"excerpt":{"rendered":"<p>[vc_row][vc_column][vc_single_image image=&#8220;3928&#8243; img_size=&#8220;full&#8220; alignment=&#8220;center&#8220; onclick=&#8220;link_image&#8220;][\/vc_column][\/vc_row][vc_row][vc_column][vc_column_text] Wirtschaftsnetzwerk Passauer Oberland Wer betreibt wo welches Unternehmen, welche Leistungen bietet es an, welche Produkte werden hergestellt und wie k\u00f6nnen Synergien genutzt werden? Der Informations- und Wissensaustausch zwischen den regional ans\u00e4ssigen Betrieben ist von entscheidender [&hellip;]<\/p>\n","protected":false},"author":11,"featured_media":4147,"parent":0,"menu_order":0,"comment_status":"closed","ping_status":"closed","template":"page_r.php","meta":{"footnotes":""},"class_list":["post-221","page","type-page","status-publish","has-post-thumbnail","hentry"],"_links":{"self":[{"href":"https:\/\/passauer-oberland.de\/index.php?rest_route=\/wp\/v2\/pages\/221","targetHints":{"allow":["GET"]}}],"collection":[{"href":"https:\/\/passauer-oberland.de\/index.php?rest_route=\/wp\/v2\/pages"}],"about":[{"href":"https:\/\/passauer-oberland.de\/index.php?rest_route=\/wp\/v2\/types\/page"}],"author":[{"embeddable":true,"href":"https:\/\/passauer-oberland.de\/index.php?rest_route=\/wp\/v2\/users\/11"}],"replies":[{"embeddable":true,"href":"https:\/\/passauer-oberland.de\/index.php?rest_route=%2Fwp%2Fv2%2Fcomments&post=221"}],"version-history":[{"count":23,"href":"https:\/\/passauer-oberland.de\/index.php?rest_route=\/wp\/v2\/pages\/221\/revisions"}],"predecessor-version":[{"id":4193,"href":"https:\/\/passauer-oberland.de\/index.php?rest_route=\/wp\/v2\/pages\/221\/revisions\/4193"}],"wp:featuredmedia":[{"embeddable":true,"href":"https:\/\/passauer-oberland.de\/index.php?rest_route=\/wp\/v2\/media\/4147"}],"wp:attachment":[{"href":"https:\/\/passauer-oberland.de\/index.php?rest_route=%2Fwp%2Fv2%2Fmedia&parent=221"}],"curies":[{"name":"wp","href":"https:\/\/api.w.org\/{rel}","templated":true}]}}