{"id":2855,"date":"2021-07-21T18:09:37","date_gmt":"2021-07-21T16:09:37","guid":{"rendered":"https:\/\/passauer-oberland.de\/?page_id=2855"},"modified":"2024-04-10T11:49:53","modified_gmt":"2024-04-10T09:49:53","slug":"mitfahrbaenke","status":"publish","type":"page","link":"https:\/\/passauer-oberland.de\/?page_id=2855","title":{"rendered":"Mitfahrb\u00e4nke"},"content":{"rendered":"<div class=\"wpb-content-wrapper\"><p>[vc_row][vc_column width=&#8220;2\/3&#8243;][vc_column_text]<strong>Seit dem 7. Oktober 2021 <\/strong>hei\u00dft es im Passauer Oberland:\u00a0<strong>\u201ePlatz nehmen, einsteigen &amp; mitfahren\u201c<\/strong><\/p>\n<p>Unsere <strong><span style=\"color: #36ba4e;\"><span style=\"color: #42c259;\">Mitfahrbankerl<\/span><\/span><\/strong> stehen f\u00fcr Sie bereit&#8230;<\/p>\n<p>Die <strong>sechs ILE-Gemeinden<\/strong> Neukirchen vorm Wald, Ruderting, Tiefenbach, Salzweg, Tittling und Witzmannsberg stellten an <strong>mehr als 20 Standorten<\/strong> die Mitfahrbankerl auf.<br \/>\nSie haben dieses Kleinprojekt im Rahmen des ILE-Regionalbudgets 2021 gemeinsam entwickelt. Die Einweihung des ersten Mitfahrbankerls erfolgte am 7. Oktober in der Gemeinde Tiefenbach. Die Bankerl sind an gut frequentierten Standorten platziert und dienen als Anlaufstelle f\u00fcr Mitfahr- und Mitnehmwillige.<\/p>\n<p>So tragen sie dazu bei, <strong>die Mobilit\u00e4t in unserer Region zu verbessern und ein gutes soziales Miteinander zu pflegen! Denn beide Seiten, Mitfahrende als auch Fahrer, k\u00f6nnen davon profitieren!\u00a0<\/strong><\/p>\n<p><strong>Und so funktioniert<\/strong><strong>\u00a0<\/strong><strong>\u00b4s!\u00a0<\/strong><\/p>\n<p>Sie wollen von &#8222;A nach B&#8220; fahren, aber die Fahrzeiten des \u00d6PNV (\u00f6ffentlicher Personennahverkehr) passen nicht?<br \/>\nSie haben keine Fahrgelegenheit oder es f\u00e4hrt kein Bus in die gew\u00fcnschte Richtung?<\/p>\n<p>Dann kommen die Mitfahrbankerl ins Spiel!<\/p>\n<ol>\n<li>Sie w\u00e4hlen Ihre Wunschrichtung.<\/li>\n<li>Sie warten auf der Bank bis jemand h\u00e4lt.<\/li>\n<li>Sie kl\u00e4ren mit dem Fahrer\/der Fahrerin Ihr Ziel und fahren dann mit,<br \/>\nwenn Ihnen der Fahrer oder die Fahrerin bekannt ist oder vertrauensvoll erscheint.<\/li>\n<li>Vor dem Einsteigen setzen Sie Ihre Auswahl am Schild wieder auf die &#8222;neutrale&#8220; Stellung zur\u00fcck.<\/li>\n<li>Ihre Fahrt endet am vereinbarten Ziel. Es gibt keine weiteren Verpflichtungen.<\/li>\n<li>Versichert sind Sie als Mitfahrer\/-in \u00fcber die KFZ-Haftpflichtversicherung des Fahrers oder der Fahrerin.<\/li>\n<\/ol>\n<p><strong>Was gilt es zu beachten? <\/strong><\/p>\n<ol>\n<li>Die Standorte von Mitfahrb\u00e4nken werden von Fahrern und Fahrerinnen bewusst wahrgenommen!<\/li>\n<li>Bei der Auswahl einer Richtung wird signalisiert: <strong>Ich m\u00f6chte nach \u2026 mitgenommen werden.<\/strong><\/li>\n<li>Das Angebot zur Mitfahrt erfolgt <strong>freiwillig<\/strong>!<\/li>\n<li>Ebenso steht es jedem\/jeder Mitfahrwilligen frei, ein Angebot zur Mitfahrt abzulehnen.<\/li>\n<li>Jede\/Jeder ist f\u00fcr sich selbst verantwortlich.<\/li>\n<li>Die Mitfahrb\u00e4nke sind <strong>nicht f\u00fcr Kinder oder Jugendliche unter 16 Jahren<\/strong> gedacht!<br \/>\nEltern informieren bitte entsprechend Ihre Kinder! Die Gemeinden \u00fcbernehmen keine Haftung.<\/li>\n<li>Nutzung und Mitnahme sind <strong>kostenfrei<\/strong>.<\/li>\n<\/ol>\n<h3>Die Standorte und mehr unter:<\/h3>\n<h3><a style=\"font-size: 16px;\" href=\"https:\/\/passauer-oberland.de\/wp-content\/uploads\/2021\/10\/Flyer-MFB_297x210mm_6-Seiter-EF-2.pdf\">Flyer-MFB_297x210mm_6-Seiter-EF-2<\/a><\/h3>\n<p>[\/vc_column_text][\/vc_column][vc_column width=&#8220;1\/3&#8243;][vc_single_image image=&#8220;2936&#8243; img_size=&#8220;full&#8220; alignment=&#8220;center&#8220;][vc_column_text]<a href=\"https:\/\/passauer-oberland.de\/wp-content\/uploads\/2022\/07\/Fotostory-Mitfahrbankerl-Kaffee-Rallye.jpg\"><img loading=\"lazy\" decoding=\"async\" class=\"alignnone size-medium wp-image-3444\" src=\"https:\/\/passauer-oberland.de\/wp-content\/uploads\/2022\/07\/Fotostory-Mitfahrbankerl-Kaffee-Rallye-211x300.jpg\" alt=\"\" width=\"211\" height=\"300\" \/><\/a>[\/vc_column_text][vc_column_text][\/vc_column_text][\/vc_column][\/vc_row][vc_row][vc_column][vc_empty_space][vc_text_separator title=&#8220;R\u00fcckmeldungen ausdr\u00fccklich erw\u00fcnscht&#8220; i_icon_fontawesome=&#8220;far fa-comments&#8220; border_width=&#8220;3&#8243; add_icon=&#8220;true&#8220;][vc_column_text]<\/p>\n<p style=\"text-align: center;\"><strong>Berichten Sie uns von Ihren Erfahrungen, teilen Sie uns Ihre Kritik, Ideen oder gerne auch ein Lob mit!<br \/>\nSo haben wir die Chance, unser Angebot der Mitfahrb\u00e4nke f\u00fcr Sie weiter zu optimieren. \u00a0<\/strong><\/p>\n<p>[\/vc_column_text][\/vc_column][\/vc_row]<\/p><\/div>","protected":false},"excerpt":{"rendered":"<p>[vc_row][vc_column width=&#8220;2\/3&#8243;][vc_column_text]Seit dem 7. Oktober 2021 hei\u00dft es im Passauer Oberland:\u00a0\u201ePlatz nehmen, einsteigen &amp; mitfahren\u201c Unsere Mitfahrbankerl stehen f\u00fcr Sie bereit&#8230; Die sechs ILE-Gemeinden Neukirchen vorm Wald, Ruderting, Tiefenbach, Salzweg, Tittling und Witzmannsberg stellten an mehr als 20 Standorten die [&hellip;]<\/p>\n","protected":false},"author":4,"featured_media":2873,"parent":96,"menu_order":0,"comment_status":"closed","ping_status":"closed","template":"","meta":{"footnotes":""},"class_list":["post-2855","page","type-page","status-publish","has-post-thumbnail","hentry"],"_links":{"self":[{"href":"https:\/\/passauer-oberland.de\/index.php?rest_route=\/wp\/v2\/pages\/2855","targetHints":{"allow":["GET"]}}],"collection":[{"href":"https:\/\/passauer-oberland.de\/index.php?rest_route=\/wp\/v2\/pages"}],"about":[{"href":"https:\/\/passauer-oberland.de\/index.php?rest_route=\/wp\/v2\/types\/page"}],"author":[{"embeddable":true,"href":"https:\/\/passauer-oberland.de\/index.php?rest_route=\/wp\/v2\/users\/4"}],"replies":[{"embeddable":true,"href":"https:\/\/passauer-oberland.de\/index.php?rest_route=%2Fwp%2Fv2%2Fcomments&post=2855"}],"version-history":[{"count":22,"href":"https:\/\/passauer-oberland.de\/index.php?rest_route=\/wp\/v2\/pages\/2855\/revisions"}],"predecessor-version":[{"id":4074,"href":"https:\/\/passauer-oberland.de\/index.php?rest_route=\/wp\/v2\/pages\/2855\/revisions\/4074"}],"up":[{"embeddable":true,"href":"https:\/\/passauer-oberland.de\/index.php?rest_route=\/wp\/v2\/pages\/96"}],"wp:featuredmedia":[{"embeddable":true,"href":"https:\/\/passauer-oberland.de\/index.php?rest_route=\/wp\/v2\/media\/2873"}],"wp:attachment":[{"href":"https:\/\/passauer-oberland.de\/index.php?rest_route=%2Fwp%2Fv2%2Fmedia&parent=2855"}],"curies":[{"name":"wp","href":"https:\/\/api.w.org\/{rel}","templated":true}]}}