{"id":347,"date":"2015-01-07T13:27:59","date_gmt":"2015-01-07T11:27:59","guid":{"rendered":"https:\/\/passauer-oberland.de\/?page_id=347"},"modified":"2026-01-20T15:06:27","modified_gmt":"2026-01-20T13:06:27","slug":"vorsitz-und-geschaeftsstelle","status":"publish","type":"page","link":"https:\/\/passauer-oberland.de\/?page_id=347","title":{"rendered":"Vorsitz &#038; Gesch\u00e4ftsstelle"},"content":{"rendered":"<div class=\"wpb-content-wrapper\"><p>[vc_row][vc_column width=&#8220;1\/4&#8243;][\/vc_column][vc_column width=&#8220;1\/2&#8243;][vc_column_text]<\/p>\n<h1><strong>Vorsitz<\/strong><\/h1>\n<p>[\/vc_column_text][vc_column_text]Die beiden Vorsitzenden werden alle 2 Jahre von der Mitgliederversammlung gew\u00e4hlt. Zum erweiterten Vorstand geh\u00f6ren auch der Schatzmeister des Vereins sowie die beiden Rechnungspr\u00fcfer.[\/vc_column_text][vc_column_text css=&#8220;&#8220;]Bgm. Stephan Gawlik (Gemeinde F\u00fcrstenstein) &#8211; Vereinsvorsitzender ILE Passauer Oberland e.V. und Rechnungspr\u00fcfer<\/p>\n<p>Bgm. Josef Hasen\u00f6hrl (Gemeinde B\u00fcchlberg) &#8211; stellv. Vereinsvorsitzender<\/p>\n<p>Schatzmeister Bgm. Erwin Braumandl (Gemeinde Neukirchen vorm Wald) und Bgm. Georg Hatzesberger (Gemeinde Aicha vorm Wald) &#8211;\u00a0 \u00a0Rechnungspr\u00fcfer[\/vc_column_text][vc_separator border_width=&#8220;2&#8243;][vc_separator border_width=&#8220;2&#8243;][vc_column_text]<\/p>\n<h1><strong>Gesch\u00e4ftsstelle<\/strong><\/h1>\n<p>[\/vc_column_text][vc_single_image image=&#8220;4065&#8243; img_size=&#8220;large&#8220; onclick=&#8220;link_image&#8220;][vc_column_text css=&#8220;&#8220;]Die ILE-Gesch\u00e4ftsstelle befindet sich im Rathaus F\u00fcrstenstein, EG, Zimmer 05.<br \/>\nGabriele Bergmann (Foto rechts) leitet die Gesch\u00e4ftsstelle.<\/p>\n<p>Termine sind nur nach vorheriger Vereinbarung m\u00f6glich.<\/p>\n<p>Die Gesch\u00e4ftsstelle ist telefonisch erreichbar unter: \u00a008504\/9155-20 oder info@passauer-oberland.de<\/p>\n<p><strong>\u00a0\u00a0\u00a0\u00a0\u00a0\u00a0\u00a0\u00a0\u00a0\u00a0\u00a0\u00a0\u00a0\u00a0\u00a0\u00a0\u00a0\u00a0\u00a0\u00a0\u00a0\u00a0\u00a0\u00a0\u00a0\u00a0\u00a0\u00a0\u00a0\u00a0\u00a0\u00a0\u00a0\u00a0\u00a0\u00a0\u00a0\u00a0\u00a0\u00a0\u00a0\u00a0\u00a0\u00a0\u00a0\u00a0\u00a0\u00a0\u00a0\u00a0\u00a0\u00a0\u00a0\u00a0\u00a0\u00a0\u00a0\u00a0\u00a0\u00a0\u00a0\u00a0\u00a0\u00a0\u00a0\u00a0\u00a0\u00a0\u00a0\u00a0\u00a0\u00a0\u00a0\u00a0\u00a0\u00a0\u00a0\u00a0\u00a0\u00a0\u00a0\u00a0\u00a0\u00a0\u00a0\u00a0\u00a0\u00a0\u00a0\u00a0<\/strong>[\/vc_column_text][\/vc_column][vc_column width=&#8220;1\/4&#8243;][\/vc_column][\/vc_row][vc_row][vc_column][vc_icon icon_fontawesome=&#8220;fas fa-user-edit&#8220; color=&#8220;green&#8220; size=&#8220;lg&#8220; align=&#8220;center&#8220;][vc_text_separator title=&#8220;Kontaktadresse&#8220; border_width=&#8220;2&#8243;][vc_column_text css=&#8220;&#8220;]<\/p>\n<p style=\"text-align: center;\">Gemeinde F\u00fcrstenstein<br \/>\nGesch\u00e4ftsstelle der ILE Passauer Oberland<br \/>\nVilshofener Str. 9<br \/>\n94538 F\u00fcrstenstein<\/p>\n<p style=\"text-align: center;\">Tel. 08504\/9155-20 (G. Bergmann) oder<br \/>\n<a href=\"mailto:bergmann@passauer-oberland.de\">bergmann@passauer-oberland.de<\/a><\/p>\n<p>[\/vc_column_text][\/vc_column][\/vc_row]<\/p><\/div>","protected":false},"excerpt":{"rendered":"<p>[vc_row][vc_column width=&#8220;1\/4&#8243;][\/vc_column][vc_column width=&#8220;1\/2&#8243;][vc_column_text] Vorsitz [\/vc_column_text][vc_column_text]Die beiden Vorsitzenden werden alle 2 Jahre von der Mitgliederversammlung gew\u00e4hlt. Zum erweiterten Vorstand geh\u00f6ren auch der Schatzmeister des Vereins sowie die beiden Rechnungspr\u00fcfer.[\/vc_column_text][vc_column_text css=&#8220;&#8220;]Bgm. Stephan Gawlik (Gemeinde F\u00fcrstenstein) &#8211; Vereinsvorsitzender ILE Passauer Oberland e.V. und [&hellip;]<\/p>\n","protected":false},"author":2,"featured_media":0,"parent":0,"menu_order":0,"comment_status":"closed","ping_status":"closed","template":"page_r.php","meta":{"footnotes":""},"class_list":["post-347","page","type-page","status-publish","hentry"],"_links":{"self":[{"href":"https:\/\/passauer-oberland.de\/index.php?rest_route=\/wp\/v2\/pages\/347","targetHints":{"allow":["GET"]}}],"collection":[{"href":"https:\/\/passauer-oberland.de\/index.php?rest_route=\/wp\/v2\/pages"}],"about":[{"href":"https:\/\/passauer-oberland.de\/index.php?rest_route=\/wp\/v2\/types\/page"}],"author":[{"embeddable":true,"href":"https:\/\/passauer-oberland.de\/index.php?rest_route=\/wp\/v2\/users\/2"}],"replies":[{"embeddable":true,"href":"https:\/\/passauer-oberland.de\/index.php?rest_route=%2Fwp%2Fv2%2Fcomments&post=347"}],"version-history":[{"count":27,"href":"https:\/\/passauer-oberland.de\/index.php?rest_route=\/wp\/v2\/pages\/347\/revisions"}],"predecessor-version":[{"id":4890,"href":"https:\/\/passauer-oberland.de\/index.php?rest_route=\/wp\/v2\/pages\/347\/revisions\/4890"}],"wp:attachment":[{"href":"https:\/\/passauer-oberland.de\/index.php?rest_route=%2Fwp%2Fv2%2Fmedia&parent=347"}],"curies":[{"name":"wp","href":"https:\/\/api.w.org\/{rel}","templated":true}]}}