{"id":554,"date":"2016-02-03T09:11:10","date_gmt":"2016-02-03T07:11:10","guid":{"rendered":"https:\/\/passauer-oberland.de\/?page_id=554"},"modified":"2026-01-20T14:54:16","modified_gmt":"2026-01-20T12:54:16","slug":"ueber-uns","status":"publish","type":"page","link":"https:\/\/passauer-oberland.de\/?page_id=554","title":{"rendered":"Die ILE Passauer Oberland"},"content":{"rendered":"<div class=\"wpb-content-wrapper\"><p>[vc_row][vc_column][vc_column_text]<\/p>\n<h1>Das Passauer Oberland<\/h1>\n<p>Die l\u00e4ndlich gepr\u00e4gte Region der ILE Passauer Oberland liegt im Landkreis Passau und damit im Zentrum der jungen Europaregion Donau-Moldau. Mit seiner Lage n\u00f6rdlich der Donau z\u00e4hlt das ILE-Gebiet zum Naturraum des Bayerischen Waldes. Die einzelnen Kommunen ordnen sich \u00fcberwiegend zwischen Donau und Ilz an. Sie sind \u00fcber die A3, den Autobahnzubringer sowie die Bundesstra\u00dfen B12 und B85 bestens zu erreichen. Insgesamt leben auf \u00fcber 300 Quadratkilometer circa. 43.500 Menschen.<\/p>\n<p>Das Passauer Oberland ist Bindeglied zwischen der Universit\u00e4tsstadt Passau und dem Bayerischen Wald. Die Region charakterisiert die reizvollen Landschaften des Vorwaldes, der einzigartige Naturraum der Ilz und eine \u00fcber 1000-j\u00e4hrige Kulturgeschichte am Handelswegnetz der Goldenen Steige. Auf dieser wertvollen Basis m\u00f6chte sich die Region weiterentwickeln und in der Folge Anspruch von Tradition und Zukunft gerecht werden.[\/vc_column_text][vc_single_image image=&#8220;2438&#8243; img_size=&#8220;large&#8220; alignment=&#8220;center&#8220; onclick=&#8220;link_image&#8220;][vc_column_text]<\/p>\n<h1>DIE ILE PASSAUER OBERLAND<\/h1>\n<h1>Zielsetzung und Themenfelder<\/h1>\n<p><strong>Wer ist die ILE Passauer Oberland?<\/strong><\/p>\n<p>Der freiwillige Zusammenschluss von elf Gemeinden des n\u00f6rdlichen Landkreises Passau zur ILE Passauer Oberland besteht seit dem Jahr 2010. Zur ILE geh\u00f6ren die Gemeinden Aicha vorm Wald, B\u00fcchlberg, F\u00fcrstenstein, Neukirchen vorm Wald, Ruderting, Salzweg, Tiefenbach und Witzmannsberg sowie die Marktgemeinden Eging a. See, Tittling und Windorf. Unterst\u00fctzt wird die ILE Passauer Oberland vom Amt f\u00fcr L\u00e4ndliche Entwicklung Niederbayern mit Sitz in Landau a.d. Isar.<\/p>\n<p><strong>Was ist die Zielsetzung der ILE Passauer Oberland?<\/strong><\/p>\n<p>Grunds\u00e4tzlich sehen die Mitgliedsgemeinden in der ILE-Zusammenarbeit und den damit verbundenen M\u00f6glichkeiten das geeignete Instrument ihre Region dauerhaft zu st\u00e4rken und mittel- bis langfristig weiter voranzubringen. Dies bedeutet, den Erhalt und die Weiterentwicklung des bestehenden &#8211; attraktiven und wertvollen &#8211; Lebensraums f\u00fcr die Menschen in der Region zu sichern.<\/p>\n<p><strong>Was sind die Themen der ILE?<\/strong><br \/>\nEntsprechend der vorliegenden Analyse des ILE-Gebiets sind als Aufgabenfelder folgende Schwerpunktthemen oder Handlungsfelder formuliert:<\/p>\n<ul>\n<li>Demographie &amp; Soziale Infrastruktur<\/li>\n<li>Energie &amp; Umwelt, Nachhaltigkeit &amp; Ressourcenschutz<\/li>\n<li>Innen- &amp; Siedlungsentwicklung<\/li>\n<li>Vereine &amp; B\u00fcrgerschaftliches Engagement<\/li>\n<li>Verwaltungskooperation &amp; Digitalisierung<\/li>\n<li>Wirtschaft &amp; Standortentwicklung<\/li>\n<\/ul>\n<p>Und hier ist unser ILE-Film:\u00a0<a href=\"https:\/\/www.youtube.com\/watch?v=WyGZ16bTGHA\">ILE Passauer Oberland &#8211; &#8222;Gemeinsam sind wir st\u00e4rker !&#8220; (youtube.com)<\/a><\/p>\n<h1>Die Leitmotive der ILE Passauer Oberland<\/h1>\n<ul>\n<li>Aktive Weiterentwicklung der Daseinsvorsage und Infrastruktur unserer Gemeinden durch Vernetzung kommunalen Handels- interkommunale Zusammenarbeit<\/li>\n<li>Gestaltung eines l(i)ebenswerten und bedarfsgerechten Umfelds f\u00fcr alle Generationen: Jugend-Familie-Senioren<\/li>\n<li>Attraktivit\u00e4tssteigerung in den Ortskernen<\/li>\n<li>St\u00e4rkung und Anerkennung ehrenamtlichen Engagements<\/li>\n<li>Erhalt der wertvollen Natur- und Kulturlandschaft<\/li>\n<li>Weiterentwicklung unserer Kultur- und Freizeitangebote<\/li>\n<li>Sicherung\/Gestaltung eines gesunden Lebensraums mit attraktivem Arbeitsumfeld und hohem Wohn- und Freizeitwert<\/li>\n<li>St\u00e4rkung der regionalen Wertsch\u00f6pfung und lokaeln Identit\u00e4t<\/li>\n<li>F\u00f6rderung der Zusammenarbeit von Wirtschaft, Bildung und Kommunen<\/li>\n<li>Projekte entwickeln, F\u00f6rderm\u00f6glichkeiten generieren und dadurch Mehrwert f\u00fcr die Kommunen und ihre B\u00fcrger erzielen<\/li>\n<\/ul>\n<p>[\/vc_column_text][\/vc_column][\/vc_row]<\/p><\/div>","protected":false},"excerpt":{"rendered":"<p>[vc_row][vc_column][vc_column_text] Das Passauer Oberland Die l\u00e4ndlich gepr\u00e4gte Region der ILE Passauer Oberland liegt im Landkreis Passau und damit im Zentrum der jungen Europaregion Donau-Moldau. Mit seiner Lage n\u00f6rdlich der Donau z\u00e4hlt das ILE-Gebiet zum Naturraum des Bayerischen Waldes. Die einzelnen [&hellip;]<\/p>\n","protected":false},"author":2,"featured_media":4883,"parent":130,"menu_order":0,"comment_status":"closed","ping_status":"closed","template":"page_r.php","meta":{"footnotes":""},"class_list":["post-554","page","type-page","status-publish","has-post-thumbnail","hentry"],"_links":{"self":[{"href":"https:\/\/passauer-oberland.de\/index.php?rest_route=\/wp\/v2\/pages\/554","targetHints":{"allow":["GET"]}}],"collection":[{"href":"https:\/\/passauer-oberland.de\/index.php?rest_route=\/wp\/v2\/pages"}],"about":[{"href":"https:\/\/passauer-oberland.de\/index.php?rest_route=\/wp\/v2\/types\/page"}],"author":[{"embeddable":true,"href":"https:\/\/passauer-oberland.de\/index.php?rest_route=\/wp\/v2\/users\/2"}],"replies":[{"embeddable":true,"href":"https:\/\/passauer-oberland.de\/index.php?rest_route=%2Fwp%2Fv2%2Fcomments&post=554"}],"version-history":[{"count":23,"href":"https:\/\/passauer-oberland.de\/index.php?rest_route=\/wp\/v2\/pages\/554\/revisions"}],"predecessor-version":[{"id":2147,"href":"https:\/\/passauer-oberland.de\/index.php?rest_route=\/wp\/v2\/pages\/554\/revisions\/2147"}],"up":[{"embeddable":true,"href":"https:\/\/passauer-oberland.de\/index.php?rest_route=\/wp\/v2\/pages\/130"}],"wp:featuredmedia":[{"embeddable":true,"href":"https:\/\/passauer-oberland.de\/index.php?rest_route=\/wp\/v2\/media\/4883"}],"wp:attachment":[{"href":"https:\/\/passauer-oberland.de\/index.php?rest_route=%2Fwp%2Fv2%2Fmedia&parent=554"}],"curies":[{"name":"wp","href":"https:\/\/api.w.org\/{rel}","templated":true}]}}