{"id":74,"date":"2013-06-24T08:22:46","date_gmt":"2013-06-24T06:22:46","guid":{"rendered":"https:\/\/passauer-oberland.de\/_wp\/?page_id=74"},"modified":"2024-07-01T15:20:58","modified_gmt":"2024-07-01T13:20:58","slug":"furstenstein","status":"publish","type":"page","link":"https:\/\/passauer-oberland.de\/?page_id=74","title":{"rendered":"F\u00fcrstenstein"},"content":{"rendered":"<div class=\"wpb-content-wrapper\"><p>[vc_row][vc_column][vc_single_image image=&#8220;775&#8243; img_size=&#8220;full&#8220; alignment=&#8220;center&#8220; onclick=&#8220;link_image&#8220;][vc_custom_heading text=&#8220;Gemeinde F\u00fcrstenstein&#8220; font_container=&#8220;tag:h1|text_align:center|color:%23509e2c&#8220; use_theme_fonts=&#8220;yes&#8220;][vc_empty_space][\/vc_column][\/vc_row][vc_row][vc_column width=&#8220;1\/6&#8243;][\/vc_column][vc_column width=&#8220;2\/3&#8243;][vc_column_text]<strong>Gemeinde F\u00fcrstenstein <\/strong><\/p>\n<p>Gemeindegebiet: 19,3 km\u00b2<br \/>\nStreusiedlungsgemeinde mit 20 Ortsteilen<br \/>\nHauptorte: F\u00fcrstenstein, Nammering, Oberpolling<br \/>\nEinwohner: ca. 3700<\/p>\n<p>&nbsp;<\/p>\n<p>Lage:<\/p>\n<p>F\u00fcrstenstein liegt in der markanten Landschaft des Dreiburgenlandes, rund 25 Kilometer n\u00f6rdlich von Passau. Das auf einem 576 Meter hohen Bergr\u00fccken erbaute Schloss F\u00fcrstenstein weist den Weg.<\/p>\n<p>&nbsp;<\/p>\n<p>Entwicklung:<\/p>\n<p>Das Schloss begleitete als Wahrzeichen und Namensgeber der Gemeinde ihre Bewohner durch die Jahrhunderte. Der Herrschaftssitz des Adels war Arbeitgeber und Mittelpunkt des d\u00f6rflichen Lebens. Abseits der Schlossmauern pr\u00e4gte die Steinindustrie die wirtschaftliche Entwicklung. Der \u201eF\u00fcrstensteiner Granit\u201c ist heute in der Welt zu Hause und in der Gemeinde allgegenw\u00e4rtig. Der Stein steht f\u00fcr Identit\u00e4t und Qualit\u00e4t. Ein Anspruch, der sich auch im Bildungsangebot verdeutlicht.<\/p>\n<p>&nbsp;<\/p>\n<p>Charakteristik:<\/p>\n<ul>\n<li>\u201ePerle des Dreiburgenlandes\u201c<\/li>\n<li>Traditionsreiche Granit-Gemeinde am europ\u00e4ischen Pilgerweg VIA NOVA<\/li>\n<li>Attraktive Wohnadresse mit familienorientierter Infrastruktur<\/li>\n<\/ul>\n<p>&nbsp;<\/p>\n<p>Verkehrsanbindung:<\/p>\n<ul>\n<li>A 3 \u00fcber Autobahnzubringer, Ausfahrt Aicha vorm Wald ca. 10 km<\/li>\n<\/ul>\n<p>&nbsp;<\/p>\n<p>Wirtschaft:<\/p>\n<ul>\n<li>1446 sozialversicherungspflichtige Arbeitspl\u00e4tze in Handwerk, Handel, Gewerbe und Dienstleistung<\/li>\n<\/ul>\n<p>&nbsp;<\/p>\n<p>Bildung:<\/p>\n<ul>\n<li>Kindergarten St. Marien, F\u00fcrstenstein<\/li>\n<li>Kindergarten St. Florian, Nammering<\/li>\n<li>Kindergarten St. Hartmann, Oberpolling<\/li>\n<li>Waldkindergarten \u201eFrischluft\u201c, Oberpolling<\/li>\n<li>Gesunde Grundschule, F\u00fcrstenstein \/\/ \u201eErfahrungsraum Schule und Natur\u201c<\/li>\n<\/ul>\n<p>&nbsp;<\/p>\n<p>Freizeit:<\/p>\n<p><strong>Natur: <\/strong>Naturdenkmal \u201eHoher Stein\u201c (\u201eArche Noah\u201c), Kollnbergm\u00fchlweiher<\/p>\n<p><strong>Sport <\/strong>(u. a.): Wandern, Radfahren (u.a. Donau-Ilz-Radweg), Nordic Walking, Tennis, div. Sportvereine<\/p>\n<p><strong>Kultur<\/strong>: VIA NOVA, Skulpturenpark am \u201eHohen Stein\u201c, Wallfahrtskirche Mari\u00e4 Himmelfahrt mit \u201eSchwarzer Madonna\u201c, Heimatarchiv, KZ-Ged\u00e4chtnisst\u00e4tte in Nammering<\/p>\n<h4><strong>Erlebnis:<\/strong> Veranstaltungen im Schloss, Bildhauersymposien, Themenwanderwege (u. a. Ohe-Weg, Dreiburgenlandrunde, Bildhauerweg<\/h4>\n<p>[\/vc_column_text][\/vc_column][vc_column width=&#8220;1\/6&#8243;][\/vc_column][\/vc_row][vc_row][vc_column][vc_separator border_width=&#8220;2&#8243;][vc_icon icon_fontawesome=&#8220;fas fa-user-edit&#8220; color=&#8220;green&#8220; size=&#8220;lg&#8220; align=&#8220;center&#8220;][vc_column_text]<\/p>\n<h2 style=\"text-align: center;\"><strong>Kontaktadresse<\/strong><\/h2>\n<p>[\/vc_column_text][\/vc_column][\/vc_row][vc_row][vc_column width=&#8220;2\/6&#8243;][\/vc_column][vc_column width=&#8220;2\/6&#8243;][vc_column_text]<\/p>\n<p style=\"text-align: center;\">Gemeinde F\u00fcrstenstein<br \/>\nVilshofener Stra\u00dfe 9<br \/>\n94538 F\u00fcrstenstein<br \/>\nTel. 0 85 04\/9 15 50<br \/>\nFax 0 85 04\/91 55 22<br \/>\nE-Mail: <a href=\"mailto:info@fuerstenstein.de\">info@fuerstenstein.de<\/a><br \/>\nwww.fuerstenstein.de<\/p>\n<p>[\/vc_column_text][\/vc_column][vc_column width=&#8220;2\/6&#8243;][\/vc_column][\/vc_row]<\/p><\/div>","protected":false},"excerpt":{"rendered":"<p>[vc_row][vc_column][vc_single_image image=&#8220;775&#8243; img_size=&#8220;full&#8220; alignment=&#8220;center&#8220; onclick=&#8220;link_image&#8220;][vc_custom_heading text=&#8220;Gemeinde F\u00fcrstenstein&#8220; font_container=&#8220;tag:h1|text_align:center|color:%23509e2c&#8220; use_theme_fonts=&#8220;yes&#8220;][vc_empty_space][\/vc_column][\/vc_row][vc_row][vc_column width=&#8220;1\/6&#8243;][\/vc_column][vc_column width=&#8220;2\/3&#8243;][vc_column_text]Gemeinde F\u00fcrstenstein Gemeindegebiet: 19,3 km\u00b2 Streusiedlungsgemeinde mit 20 Ortsteilen Hauptorte: F\u00fcrstenstein, Nammering, Oberpolling Einwohner: ca. 3700 &nbsp; Lage: F\u00fcrstenstein liegt in der markanten Landschaft des Dreiburgenlandes, rund 25 Kilometer n\u00f6rdlich [&hellip;]<\/p>\n","protected":false},"author":11,"featured_media":961,"parent":0,"menu_order":0,"comment_status":"closed","ping_status":"closed","template":"","meta":{"footnotes":""},"class_list":["post-74","page","type-page","status-publish","has-post-thumbnail","hentry"],"_links":{"self":[{"href":"https:\/\/passauer-oberland.de\/index.php?rest_route=\/wp\/v2\/pages\/74","targetHints":{"allow":["GET"]}}],"collection":[{"href":"https:\/\/passauer-oberland.de\/index.php?rest_route=\/wp\/v2\/pages"}],"about":[{"href":"https:\/\/passauer-oberland.de\/index.php?rest_route=\/wp\/v2\/types\/page"}],"author":[{"embeddable":true,"href":"https:\/\/passauer-oberland.de\/index.php?rest_route=\/wp\/v2\/users\/11"}],"replies":[{"embeddable":true,"href":"https:\/\/passauer-oberland.de\/index.php?rest_route=%2Fwp%2Fv2%2Fcomments&post=74"}],"version-history":[{"count":38,"href":"https:\/\/passauer-oberland.de\/index.php?rest_route=\/wp\/v2\/pages\/74\/revisions"}],"predecessor-version":[{"id":4237,"href":"https:\/\/passauer-oberland.de\/index.php?rest_route=\/wp\/v2\/pages\/74\/revisions\/4237"}],"wp:featuredmedia":[{"embeddable":true,"href":"https:\/\/passauer-oberland.de\/index.php?rest_route=\/wp\/v2\/media\/961"}],"wp:attachment":[{"href":"https:\/\/passauer-oberland.de\/index.php?rest_route=%2Fwp%2Fv2%2Fmedia&parent=74"}],"curies":[{"name":"wp","href":"https:\/\/api.w.org\/{rel}","templated":true}]}}