{"id":78,"date":"2013-06-24T08:22:12","date_gmt":"2013-06-24T06:22:12","guid":{"rendered":"https:\/\/passauer-oberland.de\/_wp\/?page_id=78"},"modified":"2024-07-01T15:55:45","modified_gmt":"2024-07-01T13:55:45","slug":"buchlberg","status":"publish","type":"page","link":"https:\/\/passauer-oberland.de\/?page_id=78","title":{"rendered":"B\u00fcchlberg"},"content":{"rendered":"<div class=\"wpb-content-wrapper\"><p>[vc_row][vc_column][vc_custom_heading text=&#8220;Gemeinde B\u00fcchlberg&#8220; font_container=&#8220;tag:h1|text_align:center|color:%23509e2c&#8220; use_theme_fonts=&#8220;yes&#8220;][vc_empty_space][vc_gallery type=&#8220;image_grid&#8220; images=&#8220;4251,4253,4254,4252&#8243; img_size=&#8220;medium&#8220;][\/vc_column][\/vc_row][vc_row][vc_column width=&#8220;1\/6&#8243;][\/vc_column][vc_column width=&#8220;2\/3&#8243;][vc_column_text]<strong>Gemeinde B\u00fcchlberg <\/strong><\/p>\n<ul>\n<li>Gemeindegebiet 28,5 km\u00b2<\/li>\n<li>Streusiedlungsgemeinde mit 36 Ortsteilen<\/li>\n<li>Einwohner: 4400<\/li>\n<\/ul>\n<p>&nbsp;<\/p>\n<p>Lage:<\/p>\n<p>Das Gemeindegebiet erstreckt sich auf den Ausl\u00e4ufern des s\u00fcdlichen Bayerischen Waldes. Es liegt etwa 15 Kilometer n\u00f6rdlich der Dreifl\u00fcssestadt <a href=\"https:\/\/de.wikipedia.org\/wiki\/Passau\">Passau<\/a>. Das \u201eBergholz\u201c mit dem Naturdenkmal \u201eSteinbruch\u201c (540 m) ist die h\u00f6chste Erhebung.<\/p>\n<p>&nbsp;<\/p>\n<p>Entwicklung:<\/p>\n<p>Die Geschichte der heutigen Gemeinde reicht bis in das 10. Jahrhundert zur\u00fcck. Ende des 19. Jahrhunderts entwickelte sich B\u00fcchlberg zu einem f\u00fchrenden Zentrum des Granitabbaus im Bayerischen Wald. Die Zeugnisse dieser Zeit und ihre nat\u00fcrlichen Urspr\u00fcnge setzt B\u00fcchlberg heute erlebnisreich in Szene. Das bereichert die etablierte Urlaubsregion, dient der Wohnqualit\u00e4t und verkn\u00fcpft Tradition und Moderne auf hohem Niveau.<\/p>\n<p>&nbsp;<\/p>\n<p>Charakteristik:<\/p>\n<ul>\n<li>Traditionsreiche Granit-Gemeinde am einstigen \u201eGoldenen Steig\u201c<\/li>\n<li>Attraktive Wohngemeinde mit generations\u00fcbergreifender Infrastruktur<\/li>\n<li>Aufstrebender Wirtschaftsstandort<\/li>\n<li>Staatlich anerkannter Erholungsort (seit 1976)<\/li>\n<li>Breites touristisches Leistungsspektrum<\/li>\n<\/ul>\n<p>&nbsp;<\/p>\n<p>Verkehrsanbindung:<\/p>\n<ul>\n<li>A 3 \u00fcber Autobahnzubringer, Ausfahrt Aicha vorm Wald<\/li>\n<li>B 12<\/li>\n<\/ul>\n<p>&nbsp;<\/p>\n<p>Wirtschaft:<\/p>\n<ul>\n<li>1300 sozialversicherungspflichtige Arbeitspl\u00e4tze in Handwerk, Handel, Gewerbe und Dienstleistung<\/li>\n<\/ul>\n<p>&nbsp;<\/p>\n<p>Bildung:<\/p>\n<ul>\n<li><a href=\"http:\/\/www.kindergarten-buechlberg.de\/\">Kindergarten St. Anna in B\u00fcchlberg<\/a><\/li>\n<li><a href=\"http:\/\/www.caritas.de\/adressen\/kath.-kindertagesstaette-st.laurentius\/76744-woerth-buechelberg\/85922\">Kindergarten St. Laurentius in Denkhof<\/a><\/li>\n<li>Kindergarten St. Josef in B\u00fcchlberg<\/li>\n<li><a href=\"http:\/\/www.gs-buechlberg.de\/\">Grundschule B\u00fcchlberg<\/a><\/li>\n<li>Mittelschule Hutthurm-B\u00fcchlberg<\/li>\n<\/ul>\n<p>&nbsp;<\/p>\n<p>Freizeit:<\/p>\n<p><strong>Natur:<\/strong> Landschaftsschutzgebiet Bergholz, Fischtreppe am Erlaustausee<\/p>\n<p><strong>Sport <\/strong>u. a.: Wandern, Radfahren, Schwimmen (beheiztes Freibad), Angeln, Reiten, Tennis (Tennishalle), Motorikpark, Boule-Platz, Bike-Park, Langlaufen und Rodeln (Winter), div. Sportvereine<\/p>\n<p><strong>Kultur: <\/strong>Steinhauermuseum, Musikmuseum<\/p>\n<h4><strong>Erlebnis:<\/strong> Aussichtsturm \u201eBergholz\u201c, thematische Wanderwege (u. a. B\u00fcchlberger Acht, H\u00fcttenwanderweg)<\/h4>\n<p>Die Fotos wurden freundlicherweise von Josef Strohmayer zur Verf\u00fcgung gestellt.[\/vc_column_text][\/vc_column][vc_column width=&#8220;1\/6&#8243;][\/vc_column][\/vc_row][vc_row][vc_column][vc_separator border_width=&#8220;2&#8243;][vc_icon icon_fontawesome=&#8220;fas fa-user-edit&#8220; color=&#8220;green&#8220; size=&#8220;lg&#8220; align=&#8220;center&#8220;][vc_column_text]<\/p>\n<h2 style=\"text-align: center;\"><strong>Kontaktadresse<\/strong><\/h2>\n<p>[\/vc_column_text][\/vc_column][\/vc_row][vc_row][vc_column width=&#8220;2\/6&#8243;][\/vc_column][vc_column width=&#8220;2\/6&#8243;][vc_column_text]<\/p>\n<p style=\"text-align: center;\">Gemeinde B\u00fcchlberg<strong><br \/>\n<\/strong>Hauptstra\u00dfe 5<br \/>\n94124 B\u00fcchlberg<br \/>\nTel. 0 85 05\/9 00 80<br \/>\nFax 0 85 05\/90 08 48<br \/>\nE-Mail: <a href=\"mailto:info@buechlberg.de\">info@buechlberg.de<\/a><br \/>\nwww.buechlberg.de<\/p>\n<p>[\/vc_column_text][\/vc_column][vc_column width=&#8220;2\/6&#8243;][\/vc_column][\/vc_row]<\/p><\/div>","protected":false},"excerpt":{"rendered":"<p>[vc_row][vc_column][vc_custom_heading text=&#8220;Gemeinde B\u00fcchlberg&#8220; font_container=&#8220;tag:h1|text_align:center|color:%23509e2c&#8220; use_theme_fonts=&#8220;yes&#8220;][vc_empty_space][vc_gallery type=&#8220;image_grid&#8220; images=&#8220;4251,4253,4254,4252&#8243; img_size=&#8220;medium&#8220;][\/vc_column][\/vc_row][vc_row][vc_column width=&#8220;1\/6&#8243;][\/vc_column][vc_column width=&#8220;2\/3&#8243;][vc_column_text]Gemeinde B\u00fcchlberg Gemeindegebiet 28,5 km\u00b2 Streusiedlungsgemeinde mit 36 Ortsteilen Einwohner: 4400 &nbsp; Lage: Das Gemeindegebiet erstreckt sich auf den Ausl\u00e4ufern des s\u00fcdlichen Bayerischen Waldes. Es liegt etwa 15 Kilometer n\u00f6rdlich der [&hellip;]<\/p>\n","protected":false},"author":11,"featured_media":4255,"parent":0,"menu_order":0,"comment_status":"closed","ping_status":"closed","template":"","meta":{"footnotes":""},"class_list":["post-78","page","type-page","status-publish","has-post-thumbnail","hentry"],"_links":{"self":[{"href":"https:\/\/passauer-oberland.de\/index.php?rest_route=\/wp\/v2\/pages\/78","targetHints":{"allow":["GET"]}}],"collection":[{"href":"https:\/\/passauer-oberland.de\/index.php?rest_route=\/wp\/v2\/pages"}],"about":[{"href":"https:\/\/passauer-oberland.de\/index.php?rest_route=\/wp\/v2\/types\/page"}],"author":[{"embeddable":true,"href":"https:\/\/passauer-oberland.de\/index.php?rest_route=\/wp\/v2\/users\/11"}],"replies":[{"embeddable":true,"href":"https:\/\/passauer-oberland.de\/index.php?rest_route=%2Fwp%2Fv2%2Fcomments&post=78"}],"version-history":[{"count":32,"href":"https:\/\/passauer-oberland.de\/index.php?rest_route=\/wp\/v2\/pages\/78\/revisions"}],"predecessor-version":[{"id":4256,"href":"https:\/\/passauer-oberland.de\/index.php?rest_route=\/wp\/v2\/pages\/78\/revisions\/4256"}],"wp:featuredmedia":[{"embeddable":true,"href":"https:\/\/passauer-oberland.de\/index.php?rest_route=\/wp\/v2\/media\/4255"}],"wp:attachment":[{"href":"https:\/\/passauer-oberland.de\/index.php?rest_route=%2Fwp%2Fv2%2Fmedia&parent=78"}],"curies":[{"name":"wp","href":"https:\/\/api.w.org\/{rel}","templated":true}]}}