{"id":79,"date":"2013-06-24T08:24:38","date_gmt":"2013-06-24T06:24:38","guid":{"rendered":"https:\/\/passauer-oberland.de\/_wp\/?page_id=79"},"modified":"2024-07-01T15:40:40","modified_gmt":"2024-07-01T13:40:40","slug":"neukirchen","status":"publish","type":"page","link":"https:\/\/passauer-oberland.de\/?page_id=79","title":{"rendered":"Neukirchen vorm Wald"},"content":{"rendered":"<div class=\"wpb-content-wrapper\"><p>[vc_row][vc_column][vc_gallery type=&#8220;image_grid&#8220; images=&#8220;4243,4242,4241,4240&#8243; img_size=&#8220;medium&#8220;][vc_custom_heading text=&#8220;Gemeinde Neukirchen vorm Wald&#8220; font_container=&#8220;tag:h1|text_align:center|color:%23509e2c&#8220; use_theme_fonts=&#8220;yes&#8220;][vc_empty_space][\/vc_column][\/vc_row][vc_row][vc_column width=&#8220;1\/6&#8243;][\/vc_column][vc_column width=&#8220;2\/3&#8243;][vc_column_text]<strong>Gemeinde Neukirchen vorm Wald<\/strong><\/p>\n<p>Gemeindegebiet: 24,6 km\u00b2<br \/>\nStreusiedlungsgemeinde mit 39 Ortsteilen<br \/>\nEinwohner: 3072<\/p>\n<p>&nbsp;<\/p>\n<p>Lage:<\/p>\n<p>Neukirchen vorm Wald liegt inmitten der sanft geschwungenen H\u00fcgel des Dreiburgenlandes, 17 Kilometer n\u00f6rdlich von Passau.<\/p>\n<p>&nbsp;<\/p>\n<p>Entwicklung:<\/p>\n<p>Die ehemalige Hofmark steht f\u00fcr reiche Kultur und \u00fcber 1000 Jahre Geschichte. Im 7. Jahrhundert erstmals besiedelt, war die Landwirtschaft \u00fcber Jahrhunderte wichtigster Erwerbszweig. Auf diesem bew\u00e4hrten Ansatz eines Lebens in und mit der Natur entwickelte sich die Gemeinde in den letzten Jahrzehnten zu einer jungen Wohngemeinde mit hohem Freizeitwert.<\/p>\n<p>&nbsp;<\/p>\n<p>Charakteristik:<\/p>\n<ul>\n<li>\u201eTor des Dreiburgenlandes\u201c am europ\u00e4ischen Pilgerweg VIA NOVA<\/li>\n<li>Junge Wohngemeinde mit familienorientierter Infrastruktur<\/li>\n<li>Landgemeinde mit hohem Anteil an Acker-, Wiesen- und Waldfl\u00e4chen<\/li>\n<\/ul>\n<p>&nbsp;<\/p>\n<p>Verkehrsanbindung:<\/p>\n<ul>\n<li>A 3 \u00fcber Autobahnzubringer, Ausfahrt Aicha vorm Wald ca. 10 km<\/li>\n<li>B 85 (Ortsumfahrung)<\/li>\n<\/ul>\n<p>&nbsp;<\/p>\n<p>Wirtschaft:<\/p>\n<ul>\n<li>688 sozialversicherungspflichtige Arbeitspl\u00e4tze in Handwerk, Handel, Gewerbe und Dienstleistung<\/li>\n<\/ul>\n<p>&nbsp;<\/p>\n<p>Bildung:<\/p>\n<ul>\n<li>Kindergarten St. Martin, Neukirchen vorm Wald<\/li>\n<li>Grundschule Neukirchen vorm Wald<\/li>\n<\/ul>\n<p>&nbsp;<\/p>\n<p>Freizeit:<\/p>\n<p><strong>Natur:<\/strong> Flusslandschaft Ilztal<\/p>\n<p><strong>Sport <\/strong>(u. a.): Wandern (u. a. Ilzwanderweg, Donau-Bayerwald-Route), Radfahren, Reiten, Tennis, Eisstockschie\u00dfen (Winter), div. Sportvereine<\/p>\n<p><strong>Kultur:<\/strong> VIA NOVA, Pfarrkirche St. Martin (Mutterkirche des Dreiburgenlandes), St.-Koloman-Kirchlein, Kapellen Maria Einsiedeln und St. Pankratius<\/p>\n<h4><strong>Erlebnis:<\/strong> Leonhardi-Umritt in Neukirchen vorm Wald, Veranstaltungen in St. Koloman<\/h4>\n<p>[\/vc_column_text][\/vc_column][vc_column width=&#8220;1\/6&#8243;][\/vc_column][\/vc_row][vc_row][vc_column][vc_separator border_width=&#8220;2&#8243;][vc_icon icon_fontawesome=&#8220;fas fa-user-edit&#8220; color=&#8220;green&#8220; size=&#8220;lg&#8220; align=&#8220;center&#8220;][vc_column_text]<\/p>\n<h2 style=\"text-align: center;\"><strong>Kontaktadresse<\/strong><\/h2>\n<p>[\/vc_column_text][\/vc_column][\/vc_row][vc_row][vc_column width=&#8220;2\/6&#8243;][\/vc_column][vc_column width=&#8220;2\/6&#8243;][vc_column_text]<\/p>\n<p style=\"text-align: center;\">Gemeinde Neukirchen vorm Wald<strong><br \/>\n<\/strong>Kirchenweg 2<br \/>\n94154 Neukirchen vorm Wald<br \/>\nTel. 0 85 04\/9 15 20<br \/>\nFax 0 85 04\/91 52 30<br \/>\nE-Mail: info@neukirchen-vorm-wald.de<br \/>\nwww.neukirchen-vorm-wald.de<\/p>\n<p>[\/vc_column_text][\/vc_column][vc_column width=&#8220;2\/6&#8243;][\/vc_column][\/vc_row]<\/p><\/div>","protected":false},"excerpt":{"rendered":"<p>[vc_row][vc_column][vc_gallery type=&#8220;image_grid&#8220; images=&#8220;4243,4242,4241,4240&#8243; img_size=&#8220;medium&#8220;][vc_custom_heading text=&#8220;Gemeinde Neukirchen vorm Wald&#8220; font_container=&#8220;tag:h1|text_align:center|color:%23509e2c&#8220; use_theme_fonts=&#8220;yes&#8220;][vc_empty_space][\/vc_column][\/vc_row][vc_row][vc_column width=&#8220;1\/6&#8243;][\/vc_column][vc_column width=&#8220;2\/3&#8243;][vc_column_text]Gemeinde Neukirchen vorm Wald Gemeindegebiet: 24,6 km\u00b2 Streusiedlungsgemeinde mit 39 Ortsteilen Einwohner: 3072 &nbsp; Lage: Neukirchen vorm Wald liegt inmitten der sanft geschwungenen H\u00fcgel des Dreiburgenlandes, 17 Kilometer n\u00f6rdlich [&hellip;]<\/p>\n","protected":false},"author":11,"featured_media":4239,"parent":0,"menu_order":0,"comment_status":"closed","ping_status":"closed","template":"","meta":{"footnotes":""},"class_list":["post-79","page","type-page","status-publish","has-post-thumbnail","hentry"],"_links":{"self":[{"href":"https:\/\/passauer-oberland.de\/index.php?rest_route=\/wp\/v2\/pages\/79","targetHints":{"allow":["GET"]}}],"collection":[{"href":"https:\/\/passauer-oberland.de\/index.php?rest_route=\/wp\/v2\/pages"}],"about":[{"href":"https:\/\/passauer-oberland.de\/index.php?rest_route=\/wp\/v2\/types\/page"}],"author":[{"embeddable":true,"href":"https:\/\/passauer-oberland.de\/index.php?rest_route=\/wp\/v2\/users\/11"}],"replies":[{"embeddable":true,"href":"https:\/\/passauer-oberland.de\/index.php?rest_route=%2Fwp%2Fv2%2Fcomments&post=79"}],"version-history":[{"count":27,"href":"https:\/\/passauer-oberland.de\/index.php?rest_route=\/wp\/v2\/pages\/79\/revisions"}],"predecessor-version":[{"id":4245,"href":"https:\/\/passauer-oberland.de\/index.php?rest_route=\/wp\/v2\/pages\/79\/revisions\/4245"}],"wp:featuredmedia":[{"embeddable":true,"href":"https:\/\/passauer-oberland.de\/index.php?rest_route=\/wp\/v2\/media\/4239"}],"wp:attachment":[{"href":"https:\/\/passauer-oberland.de\/index.php?rest_route=%2Fwp%2Fv2%2Fmedia&parent=79"}],"curies":[{"name":"wp","href":"https:\/\/api.w.org\/{rel}","templated":true}]}}