{"id":80,"date":"2013-06-24T08:25:46","date_gmt":"2013-06-24T06:25:46","guid":{"rendered":"https:\/\/passauer-oberland.de\/_wp\/?page_id=80"},"modified":"2024-07-01T17:16:21","modified_gmt":"2024-07-01T15:16:21","slug":"ruderting","status":"publish","type":"page","link":"https:\/\/passauer-oberland.de\/?page_id=80","title":{"rendered":"Ruderting"},"content":{"rendered":"<div class=\"wpb-content-wrapper\"><p>[vc_row][vc_column][vc_custom_heading text=&#8220;Gemeinde Ruderting&#8220; font_container=&#8220;tag:h1|text_align:center|color:%23509e2c&#8220; use_theme_fonts=&#8220;yes&#8220;][vc_empty_space][vc_gallery type=&#8220;image_grid&#8220; images=&#8220;4257,4258,4259&#8243; img_size=&#8220;medium&#8220;][\/vc_column][\/vc_row][vc_row][vc_column width=&#8220;1\/6&#8243;][\/vc_column][vc_column width=&#8220;2\/3&#8243;][vc_column_text]<strong>Gemeinde Ruderting <\/strong><\/p>\n<ul>\n<li>Gemeindegebiet: 12,96 km\u00b2<\/li>\n<li>Streusiedlungsgemeinde mit 22 Ortsteilen<\/li>\n<li>Einwohner: 3223<\/li>\n<\/ul>\n<p>&nbsp;<\/p>\n<p>Lage:<\/p>\n<p>Die Gemeinde kennzeichnet die zentrale Lage zwischen Passau im S\u00fcden (13 km) und Tittling im Norden (10 km). Sie ist eingebettet in die h\u00fcgelige Landschaft der s\u00fcdlichen Ausl\u00e4ufer des Bayerischen Waldes.<\/p>\n<p>&nbsp;<\/p>\n<p>Entwicklung:<br \/>\nDas 1311 erstmals urkundlich erw\u00e4hnte Ruderting war bereits in der Jungsteinzeit besiedelt. Das belegen Funde, die der \u201eChamer Gruppe\u201c (3000 v. Chr.) und den Kelten (600 bis 100 v. Chr.) zugeordnet werden. Die Geschichte lebt im Heute weiter: in der Pflege der Traditionen, im Austausch der Generationen und im respektvollen Umgang mit der Natur. Das zukunftsorientierte Miteinander baut auf Qualit\u00e4t. Das zeigt sich im Ortsbild (Dorferneuerung 1999\u20132006) und dokumentiert die Auszeichnung als \u201eGenussort\u201c (2018). Ruderting ist als Wohngemeinde etabliert und attraktives Ziel f\u00fcr Urlaub und Naherholung.<\/p>\n<p>&nbsp;<\/p>\n<p>Charakteristik:<\/p>\n<ul>\n<li>Wohngemeinde mit generations\u00fcbergreifender Infrastruktur<\/li>\n<li>Fl\u00e4chenkleinste Gemeinde des Landkreises Passau<\/li>\n<li>\u201eGenussort\u201c (seit 2018)<\/li>\n<\/ul>\n<p>&nbsp;<\/p>\n<p>Verkehrsanbindung:<\/p>\n<ul>\n<li>B 85 (Ortsumfahrung)<\/li>\n<li>Ilztalbahn Passau\u2013Waldkirchen\u2013Freyung: Haltepunkt Fischhaus<\/li>\n<\/ul>\n<p>(nur an Wochenenden und Feiertagen in den Sommermonaten)<\/p>\n<p>&nbsp;<\/p>\n<p>Wirtschaft:<\/p>\n<ul>\n<li>791 sozialversicherungspflichtige Arbeitspl\u00e4tze in Handwerk, Handel, Gewerbe und Dienstleistung<\/li>\n<\/ul>\n<p>&nbsp;<\/p>\n<p>Bildung:<\/p>\n<ul>\n<li>Kindergarten St. Josef<\/li>\n<li>Grundschule Ruderting<\/li>\n<\/ul>\n<p>&nbsp;<\/p>\n<p>Freizeit:<\/p>\n<p><strong>Natur:<\/strong> Flusslandschaft Ilztal, Steinmassiv \u201eTeufelsstein\u201c<\/p>\n<p><strong>Sport <\/strong>(u. a.): Wandern, Radfahren, Wassersport (Ilz), Reiten, Nordic-Walking, Tennis, B<em>ewegungsparcours<\/em> in Fischhaus, div. Sportvereine<\/p>\n<p><strong>Kultur: <\/strong>Skulpturenpark am Kirchenplatz, Kunstweg<\/p>\n<h4><strong>Erlebnis: <\/strong>Genuss (regionale Produkte, Gastbetriebe, kulinarische Feste), Themenwanderwege (u. a. Kapellen-Rad-Wanderweg)<\/h4>\n<p>[\/vc_column_text][\/vc_column][vc_column width=&#8220;1\/6&#8243;][\/vc_column][\/vc_row][vc_row][vc_column][vc_separator border_width=&#8220;2&#8243;][vc_icon icon_fontawesome=&#8220;fas fa-user-edit&#8220; color=&#8220;green&#8220; size=&#8220;lg&#8220; align=&#8220;center&#8220;][vc_column_text]<\/p>\n<h2 style=\"text-align: center;\"><strong>Kontaktadresse<\/strong><\/h2>\n<p>[\/vc_column_text][\/vc_column][\/vc_row][vc_row][vc_column width=&#8220;2\/6&#8243;][\/vc_column][vc_column width=&#8220;2\/6&#8243;][vc_column_text]<\/p>\n<p style=\"text-align: center;\">Gemeinde Ruderting<strong><br \/>\n<\/strong>Passauer Stra\u00dfe 3<br \/>\n94161 Ruderting<br \/>\nTel. 0 85 09\/9 00 50<br \/>\nFax 0 85 09\/90 05 30<br \/>\nE-Mail: <a href=\"mailto:info@ruderting.de\">info@ruderting.de<\/a><br \/>\nwww.ruderting.de<\/p>\n<p>[\/vc_column_text][\/vc_column][vc_column width=&#8220;2\/6&#8243;][\/vc_column][\/vc_row]<\/p><\/div>","protected":false},"excerpt":{"rendered":"<p>[vc_row][vc_column][vc_custom_heading text=&#8220;Gemeinde Ruderting&#8220; font_container=&#8220;tag:h1|text_align:center|color:%23509e2c&#8220; use_theme_fonts=&#8220;yes&#8220;][vc_empty_space][vc_gallery type=&#8220;image_grid&#8220; images=&#8220;4257,4258,4259&#8243; img_size=&#8220;medium&#8220;][\/vc_column][\/vc_row][vc_row][vc_column width=&#8220;1\/6&#8243;][\/vc_column][vc_column width=&#8220;2\/3&#8243;][vc_column_text]Gemeinde Ruderting Gemeindegebiet: 12,96 km\u00b2 Streusiedlungsgemeinde mit 22 Ortsteilen Einwohner: 3223 &nbsp; Lage: Die Gemeinde kennzeichnet die zentrale Lage zwischen Passau im S\u00fcden (13 km) und Tittling im Norden (10 km). [&hellip;]<\/p>\n","protected":false},"author":11,"featured_media":1197,"parent":0,"menu_order":0,"comment_status":"closed","ping_status":"closed","template":"","meta":{"footnotes":""},"class_list":["post-80","page","type-page","status-publish","has-post-thumbnail","hentry"],"_links":{"self":[{"href":"https:\/\/passauer-oberland.de\/index.php?rest_route=\/wp\/v2\/pages\/80","targetHints":{"allow":["GET"]}}],"collection":[{"href":"https:\/\/passauer-oberland.de\/index.php?rest_route=\/wp\/v2\/pages"}],"about":[{"href":"https:\/\/passauer-oberland.de\/index.php?rest_route=\/wp\/v2\/types\/page"}],"author":[{"embeddable":true,"href":"https:\/\/passauer-oberland.de\/index.php?rest_route=\/wp\/v2\/users\/11"}],"replies":[{"embeddable":true,"href":"https:\/\/passauer-oberland.de\/index.php?rest_route=%2Fwp%2Fv2%2Fcomments&post=80"}],"version-history":[{"count":27,"href":"https:\/\/passauer-oberland.de\/index.php?rest_route=\/wp\/v2\/pages\/80\/revisions"}],"predecessor-version":[{"id":4273,"href":"https:\/\/passauer-oberland.de\/index.php?rest_route=\/wp\/v2\/pages\/80\/revisions\/4273"}],"wp:featuredmedia":[{"embeddable":true,"href":"https:\/\/passauer-oberland.de\/index.php?rest_route=\/wp\/v2\/media\/1197"}],"wp:attachment":[{"href":"https:\/\/passauer-oberland.de\/index.php?rest_route=%2Fwp%2Fv2%2Fmedia&parent=80"}],"curies":[{"name":"wp","href":"https:\/\/api.w.org\/{rel}","templated":true}]}}