{"id":81,"date":"2013-06-24T08:27:48","date_gmt":"2013-06-24T06:27:48","guid":{"rendered":"https:\/\/passauer-oberland.de\/_wp\/?page_id=81"},"modified":"2024-07-01T16:23:15","modified_gmt":"2024-07-01T14:23:15","slug":"salzweg","status":"publish","type":"page","link":"https:\/\/passauer-oberland.de\/?page_id=81","title":{"rendered":"Salzweg"},"content":{"rendered":"<div class=\"wpb-content-wrapper\"><p>[vc_row][vc_column][vc_single_image image=&#8220;781&#8243; img_size=&#8220;full&#8220; alignment=&#8220;center&#8220; onclick=&#8220;link_image&#8220;][vc_custom_heading text=&#8220;Gemeinde Salzweg&#8220; font_container=&#8220;tag:h1|text_align:center|color:%23509e2c&#8220; use_theme_fonts=&#8220;yes&#8220;][vc_empty_space][\/vc_column][\/vc_row][vc_row][vc_column width=&#8220;1\/6&#8243;][\/vc_column][vc_column width=&#8220;2\/3&#8243;][vc_column_text]<strong>Gemeinde Salzweg<\/strong><\/p>\n<p>Gemeindegebiet: 31,94 km\u00b2<br \/>\nStreusiedlungsgemeinde mit 52 Ortsteilen<br \/>\nHauptorte: Salzweg und Stra\u00dfkirchen<br \/>\nEinwohner: 6793<\/p>\n<p>&nbsp;<\/p>\n<p>Lage:<\/p>\n<p>Das Gemeindegebiet erstreckt sich auf den Ausl\u00e4ufern des s\u00fcdlichen Bayerischen Waldes zwischen Ilz, Eselsteinbach und Satzbach. Die Stadt Passau ist f\u00fcnf Kilometer entfernt.<\/p>\n<p>&nbsp;<\/p>\n<p>Entwicklung:<\/p>\n<p>Die ersten Siedlungsspuren im Gemeindegebiet reichen bis in die Bronzezeit (1800\u20131200 v. Chr.) zur\u00fcck. Erstmals urkundlich erw\u00e4hnt wurde Salzweg im fr\u00fchen 13. Jahrhundert. Ab dem 14. Jahrhundert f\u00fchrten der Salzhandel zwischen Passau und B\u00f6hmen und die Lage an einem Hauptweg des \u201eGoldenen Steiges\u201c (heute B 12) zu wirtschaftlichem Aufschwung. Nach dem Niedergang des Salzhandels im 18. Jahrhundert war die Landwirtschaft wieder Haupterwerbszweig. Die Entwicklung der Universit\u00e4tsstadt Passau st\u00e4rkte ab der Mitte des 20. Jahrhunderts die Position Salzwegs als Stadtrandgemeinde sowie als Wohn- und Freizeitadresse im Gr\u00fcnen.<\/p>\n<p>&nbsp;<\/p>\n<p>Verkehrsanbindung:<\/p>\n<ul>\n<li>B 12<\/li>\n<\/ul>\n<p>&nbsp;<\/p>\n<p>Charakteristik:<\/p>\n<ul>\n<li>L\u00e4ndlich gepr\u00e4gte Stadtrandgemeinde am einstigen \u201eGoldenen Steig\u201c<\/li>\n<li>Attraktive Wohngemeinde mit generations\u00fcbergreifender Infrastruktur<\/li>\n<li>Aufstrebender Wirtschaftsstandort<\/li>\n<\/ul>\n<p>&nbsp;<\/p>\n<p>Wirtschaft:<\/p>\n<ul>\n<li>2000 sozialversicherungspflichtige Arbeitspl\u00e4tze in Handwerk, Handel, Gewerbe und Dienstleistung<\/li>\n<\/ul>\n<p>&nbsp;<\/p>\n<p>Bildung:<\/p>\n<ul>\n<li>Kindergarten St. Georg in Stra\u00dfkirchen<\/li>\n<li>Kindergarten St. Rupert in Salzweg<\/li>\n<li>Grundschule Stra\u00dfkirchen<\/li>\n<li>Grund- und Mittelschule Salzweg (Profil Inklusion)<\/li>\n<\/ul>\n<p>&nbsp;<\/p>\n<p>Freizeit:<\/p>\n<p><strong>Natur:<\/strong> Flusslandschaft Ilz, Stausee Oberilzm\u00fchle<\/p>\n<p><strong>Sport <\/strong>(u. a.): Wandern (u. a. Ilztalwanderweg), Radfahren, Wassersport (Ilz), Tennis, div. Sportvereine<\/p>\n<p><strong>Kultur:<\/strong> Pflege der Volksmusik und des Brauchtums,<\/p>\n<h4><strong>Erlebnis:<\/strong> Salzweger Kulturtage \u201eKultur am Goldenen Steig\u201c<\/h4>\n<p>[\/vc_column_text][\/vc_column][vc_column width=&#8220;1\/6&#8243;][\/vc_column][\/vc_row][vc_row][vc_column][vc_separator border_width=&#8220;2&#8243;][vc_icon icon_fontawesome=&#8220;fas fa-user-edit&#8220; color=&#8220;green&#8220; size=&#8220;lg&#8220; align=&#8220;center&#8220;][vc_column_text]<\/p>\n<h2 style=\"text-align: center;\"><strong>Kontaktadresse<\/strong><\/h2>\n<p>[\/vc_column_text][\/vc_column][\/vc_row][vc_row][vc_column width=&#8220;2\/6&#8243;][\/vc_column][vc_column width=&#8220;2\/6&#8243;][vc_column_text]<\/p>\n<p style=\"text-align: center;\">Gemeinde Salzweg<strong><br \/>\n<\/strong>Passauer Stra\u00dfe 42<br \/>\n94121 Salzweg<br \/>\nTel. 08 51\/94 99 80<br \/>\nFax 08 51\/9 49 98 20<br \/>\nE-Mail: <a href=\"mailto:verwaltung@salzweg.de\">verwaltung@salzweg.de<\/a><br \/>\nwww.salzweg.de<\/p>\n<p>[\/vc_column_text][\/vc_column][vc_column width=&#8220;2\/6&#8243;][\/vc_column][\/vc_row]<\/p><\/div>","protected":false},"excerpt":{"rendered":"<p>[vc_row][vc_column][vc_single_image image=&#8220;781&#8243; img_size=&#8220;full&#8220; alignment=&#8220;center&#8220; onclick=&#8220;link_image&#8220;][vc_custom_heading text=&#8220;Gemeinde Salzweg&#8220; font_container=&#8220;tag:h1|text_align:center|color:%23509e2c&#8220; use_theme_fonts=&#8220;yes&#8220;][vc_empty_space][\/vc_column][\/vc_row][vc_row][vc_column width=&#8220;1\/6&#8243;][\/vc_column][vc_column width=&#8220;2\/3&#8243;][vc_column_text]Gemeinde Salzweg Gemeindegebiet: 31,94 km\u00b2 Streusiedlungsgemeinde mit 52 Ortsteilen Hauptorte: Salzweg und Stra\u00dfkirchen Einwohner: 6793 &nbsp; Lage: Das Gemeindegebiet erstreckt sich auf den Ausl\u00e4ufern des s\u00fcdlichen Bayerischen Waldes zwischen Ilz, [&hellip;]<\/p>\n","protected":false},"author":11,"featured_media":0,"parent":0,"menu_order":0,"comment_status":"closed","ping_status":"closed","template":"","meta":{"footnotes":""},"class_list":["post-81","page","type-page","status-publish","hentry"],"_links":{"self":[{"href":"https:\/\/passauer-oberland.de\/index.php?rest_route=\/wp\/v2\/pages\/81","targetHints":{"allow":["GET"]}}],"collection":[{"href":"https:\/\/passauer-oberland.de\/index.php?rest_route=\/wp\/v2\/pages"}],"about":[{"href":"https:\/\/passauer-oberland.de\/index.php?rest_route=\/wp\/v2\/types\/page"}],"author":[{"embeddable":true,"href":"https:\/\/passauer-oberland.de\/index.php?rest_route=\/wp\/v2\/users\/11"}],"replies":[{"embeddable":true,"href":"https:\/\/passauer-oberland.de\/index.php?rest_route=%2Fwp%2Fv2%2Fcomments&post=81"}],"version-history":[{"count":26,"href":"https:\/\/passauer-oberland.de\/index.php?rest_route=\/wp\/v2\/pages\/81\/revisions"}],"predecessor-version":[{"id":4261,"href":"https:\/\/passauer-oberland.de\/index.php?rest_route=\/wp\/v2\/pages\/81\/revisions\/4261"}],"wp:attachment":[{"href":"https:\/\/passauer-oberland.de\/index.php?rest_route=%2Fwp%2Fv2%2Fmedia&parent=81"}],"curies":[{"name":"wp","href":"https:\/\/api.w.org\/{rel}","templated":true}]}}