{"id":83,"date":"2013-06-24T08:30:02","date_gmt":"2013-06-24T06:30:02","guid":{"rendered":"https:\/\/passauer-oberland.de\/_wp\/?page_id=83"},"modified":"2024-07-01T16:34:43","modified_gmt":"2024-07-01T14:34:43","slug":"tittling","status":"publish","type":"page","link":"https:\/\/passauer-oberland.de\/?page_id=83","title":{"rendered":"Tittling"},"content":{"rendered":"<div class=\"wpb-content-wrapper\"><p>[vc_row][vc_column][vc_single_image image=&#8220;794&#8243; img_size=&#8220;full&#8220; alignment=&#8220;center&#8220; onclick=&#8220;link_image&#8220;][vc_custom_heading text=&#8220;Markt Tittling&#8220; font_container=&#8220;tag:h1|text_align:center|color:%23509e2c&#8220; use_theme_fonts=&#8220;yes&#8220;][vc_empty_space][\/vc_column][\/vc_row][vc_row][vc_column width=&#8220;1\/6&#8243;][\/vc_column][vc_column width=&#8220;2\/3&#8243;][vc_column_text]<strong>Markt Tittling<\/strong><\/p>\n<p>Gemeindegebiet: 20,79 km\u00b2<br \/>\nStreusiedlungsgemeinde mit 30 Ortsteilen<br \/>\nVerwaltungsgemeinschaft mit Witzmannsberg<br \/>\nEinwohner: 4262<\/p>\n<p>&nbsp;<\/p>\n<p>Lage:<\/p>\n<p>Das Gemeindegebiet (400 bis 600 m) liegt im Zentrum des Dreiburgenlandes an der nord\u00f6stlichsten Grenze des Landkreises Passau zum Nachbarlandkreis Freyung-Grafenau. Die Stadt Passau ist 23, Grafenau am Nationalpark Bayerischer Wald 21 Kilometer entfernt.<\/p>\n<p>&nbsp;<\/p>\n<p>Entwicklung:<\/p>\n<p>Der Zeitpunkt einer ersten Besiedlung ist nicht bekannt. Man geht davon aus, dass Tutilo der Anf\u00fchrer einer ersten Siedlungsgruppe und Namensgeber war. Um 1322 erhielt Tittling als wirtschaftlicher Mittelpunkt des Dreiburgenlandes die Marktrechte. Handel, Steinindustrie und Eisenbahn bestimmten bis weit in das 20. Jahrhundert die weitere Entwicklung. St\u00e4dtebauliche Zeugnisse dieser Zeit vernichteten der gro\u00dfe Marktbrand 1803 und Zerst\u00f6rungen in den letzten Kriegstagen 1945. Mit dem Wiederaufbau festigte Tittling seine angestammte Rolle als Sitz zentraler Einrichtungen. Tittling ist seit 2013 Mittelzentrum, der 2011 st\u00e4dtebaulich \u00fcberarbeitete Marktplatz bauliches Sinnbild.<\/p>\n<p>&nbsp;<\/p>\n<p>Charakteristik:<\/p>\n<ul>\n<li>Traditionsreicher Standort des Granitabbaus am europ\u00e4ischen Pilgerweg VIA NOVA<\/li>\n<li>Mittelzentrum (seit 2013) und Sitz zentraler Einrichtungen<\/li>\n<li>Attraktive Wohngemeinde mit generations\u00fcbergreifender Infrastruktur<\/li>\n<li>Aufstrebender Wirtschaftsstandort<\/li>\n<li>Staatlich anerkannter Erholungsort<\/li>\n<\/ul>\n<p>&nbsp;<\/p>\n<p>Verkehrsanbindung:<\/p>\n<ul>\n<li>A 3 \u00fcber Autobahnzubringer, Ausfahrt Aicha vorm Wald<\/li>\n<li>B 85<\/li>\n<\/ul>\n<p>&nbsp;<\/p>\n<p>Wirtschaft:<\/p>\n<p>Ca. 1550 sozialversicherungspflichtige Arbeitspl\u00e4tze in Handwerk, Handel, Gewerbe und Dienstleistung.<\/p>\n<p>&nbsp;<\/p>\n<p>Bildung:<\/p>\n<ul>\n<li><a href=\"https:\/\/kindergarten-tittling.de\/\">Kindergarten St. Elisabeth\u201c<\/a><\/li>\n<li><a href=\"https:\/\/www.caritas.de\/adressen\/kath.-waldkindergarten-st.-franziskus\/94104-tittling\/1951852\">Waldkindergarten St. Franziskus\u201c<\/a><\/li>\n<li><a href=\"http:\/\/vs-tittling.de\/\">Wilhelm-Niedermayer-Grund-und-Mittelschule Tittling<\/a><\/li>\n<li><a href=\"https:\/\/realschule-im-dreiburgenland.de\/\">Realschule im Dreiburgenland<\/a> (Staatliche Realschule Tittling)<\/li>\n<li><a href=\"http:\/\/www.tittling.de\/index.php\/marktgemeinde\/einrichtungen\/schulen\/121-kreismusikschule-passau-zweigstelle-tittling\">Zweigstelle der Kreismusikschule Passau<\/a><\/li>\n<li><a href=\"http:\/\/www.sl-kosmetikschule.de\/\">Private Berufsfachschule f\u00fcr Kosmetik<\/a><\/li>\n<li><a href=\"https:\/\/www.vhs-passau.de\/tittling\">vhs Volkshochschule Passau \u2013 Au\u00dfenstelle Tittling<\/a><\/li>\n<\/ul>\n<p>&nbsp;<\/p>\n<p>Freizeit:<\/p>\n<p><strong>Natur:<\/strong> Flusslandschaft der Ilz, Dreiburgensee, Aussicht Bl\u00fcmersberg und Preminger H\u00f6he<\/p>\n<p><strong>Sport <\/strong>(u. a.): Wandern, Radfahren (u.a. Donau-Ilz-Radweg), Wassersport (Hallenbad, Dreiburgensee), Reiten, Tennis, Skaten (Skaterplatz), div. Sportvereine<\/p>\n<p><strong>Kultur:<\/strong> Pilgerweg VIA NOVA mit Labyrinth am Bl\u00fcmersberg, \u201eWaschh\u00e4usl\u201c mit Kunstgarten und Kunststeig<\/p>\n<p><strong>Erlebnis:<\/strong> Auff\u00fchrungen Liederkranz Dreiburgenland Tittling e.V., Museumsdorf Bayerischer Wald[\/vc_column_text][\/vc_column][vc_column width=&#8220;1\/6&#8243;][\/vc_column][\/vc_row][vc_row][vc_column][vc_separator border_width=&#8220;2&#8243;][vc_icon icon_fontawesome=&#8220;fas fa-user-edit&#8220; color=&#8220;green&#8220; size=&#8220;lg&#8220; align=&#8220;center&#8220;][vc_column_text]<\/p>\n<h2 style=\"text-align: center;\"><strong>Kontaktadresse<\/strong><\/h2>\n<p>[\/vc_column_text][\/vc_column][\/vc_row][vc_row][vc_column width=&#8220;2\/6&#8243;][\/vc_column][vc_column width=&#8220;2\/6&#8243;][vc_column_text]<\/p>\n<p style=\"text-align: center;\">Markt Tittling<strong><br \/>\n<\/strong>Marktplatz 10<br \/>\n94104 Tittling<br \/>\nTel. 08504 401-0<br \/>\nFax 08504 401-20<br \/>\nE-Mail: <a href=\"mailto:info@vg-tittling.de\">info@vg-tittling.de<\/a><br \/>\nwww.tittling.de<\/p>\n<p>[\/vc_column_text][\/vc_column][vc_column width=&#8220;2\/6&#8243;][\/vc_column][\/vc_row]<\/p><\/div>","protected":false},"excerpt":{"rendered":"<p>[vc_row][vc_column][vc_single_image image=&#8220;794&#8243; img_size=&#8220;full&#8220; alignment=&#8220;center&#8220; onclick=&#8220;link_image&#8220;][vc_custom_heading text=&#8220;Markt Tittling&#8220; font_container=&#8220;tag:h1|text_align:center|color:%23509e2c&#8220; use_theme_fonts=&#8220;yes&#8220;][vc_empty_space][\/vc_column][\/vc_row][vc_row][vc_column width=&#8220;1\/6&#8243;][\/vc_column][vc_column width=&#8220;2\/3&#8243;][vc_column_text]Markt Tittling Gemeindegebiet: 20,79 km\u00b2 Streusiedlungsgemeinde mit 30 Ortsteilen Verwaltungsgemeinschaft mit Witzmannsberg Einwohner: 4262 &nbsp; Lage: Das Gemeindegebiet (400 bis 600 m) liegt im Zentrum des Dreiburgenlandes an der nord\u00f6stlichsten [&hellip;]<\/p>\n","protected":false},"author":11,"featured_media":1141,"parent":0,"menu_order":0,"comment_status":"closed","ping_status":"closed","template":"","meta":{"footnotes":""},"class_list":["post-83","page","type-page","status-publish","has-post-thumbnail","hentry"],"_links":{"self":[{"href":"https:\/\/passauer-oberland.de\/index.php?rest_route=\/wp\/v2\/pages\/83","targetHints":{"allow":["GET"]}}],"collection":[{"href":"https:\/\/passauer-oberland.de\/index.php?rest_route=\/wp\/v2\/pages"}],"about":[{"href":"https:\/\/passauer-oberland.de\/index.php?rest_route=\/wp\/v2\/types\/page"}],"author":[{"embeddable":true,"href":"https:\/\/passauer-oberland.de\/index.php?rest_route=\/wp\/v2\/users\/11"}],"replies":[{"embeddable":true,"href":"https:\/\/passauer-oberland.de\/index.php?rest_route=%2Fwp%2Fv2%2Fcomments&post=83"}],"version-history":[{"count":34,"href":"https:\/\/passauer-oberland.de\/index.php?rest_route=\/wp\/v2\/pages\/83\/revisions"}],"predecessor-version":[{"id":4269,"href":"https:\/\/passauer-oberland.de\/index.php?rest_route=\/wp\/v2\/pages\/83\/revisions\/4269"}],"wp:featuredmedia":[{"embeddable":true,"href":"https:\/\/passauer-oberland.de\/index.php?rest_route=\/wp\/v2\/media\/1141"}],"wp:attachment":[{"href":"https:\/\/passauer-oberland.de\/index.php?rest_route=%2Fwp%2Fv2%2Fmedia&parent=83"}],"curies":[{"name":"wp","href":"https:\/\/api.w.org\/{rel}","templated":true}]}}